{"id":146,"date":"2025-03-24T08:08:23","date_gmt":"2025-03-24T08:08:23","guid":{"rendered":"https:\/\/rut.belimantil.info\/?page_id=146"},"modified":"2025-03-24T08:08:23","modified_gmt":"2025-03-24T08:08:23","slug":"o-nama","status":"publish","type":"page","link":"https:\/\/uzjzs.org\/?page_id=146","title":{"rendered":"O nama"},"content":{"rendered":"\n<p>UZJZ Srbije je nacionalno, ne-profitno, udru\u017eenje sada\u0161njih i budu\u0107ih javno-zdravstvenih profesionalaca i svih drugih zainteresovanih pojedinaca, posve\u0107eno promociji nauke i multidisciplinarnoj saradnji na promociji i o\u010duvanju zdravlja.<\/p>\n\n\n\n<p>Udru\u017eenje je stalni \u010dlan EUPHA (The European Public Health Association) i WFPHA (World Federation of Public Health Associations).<\/p>\n\n\n\n<p>Na\u0161a vizija je unapre\u0111enje i o\u010duvanje zdravlja svih pojedinaca i smanjenje nejednakosti u zdravlju.<\/p>\n\n\n\n<p>Udru\u017eenje podr\u017eava napore odgovornih javno-zdravstvenih institucija, organizacija, udru\u017eenja i pojedinaca u zemlji i svetu.<\/p>\n\n\n\n<p>Na\u0161a misija je ja\u010danje uticaja javno-zdravstvenih profesionalaca i ustanova, promocija nau\u010dnih dokaza i metoda prevencije bolesti i o\u010duvanja zdravlja.<\/p>\n\n\n\n<p>Otvoreni smo za saradnju sa svim pojedincima i organizacijama koje dele na\u0161e principe i vrednosti.<\/p>\n","protected":false},"excerpt":{"rendered":"<p>UZJZ Srbije je nacionalno, ne-profitno, udru\u017eenje sada\u0161njih i budu\u0107ih javno-zdravstvenih profesionalaca i svih drugih zainteresovanih pojedinaca, posve\u0107eno promociji nauke i multidisciplinarnoj saradnji na promociji i o\u010duvanju zdravlja. Udru\u017eenje je stalni \u010dlan EUPHA (The European Public Health Association) i WFPHA (World Federation of Public Health Associations). Na\u0161a vizija je unapre\u0111enje i [&hellip;]<\/p>\n","protected":false},"author":1,"featured_media":0,"parent":0,"menu_order":0,"comment_status":"closed","ping_status":"closed","template":"","meta":{"_themeisle_gutenberg_block_has_review":false,"footnotes":""},"class_list":["post-146","page","type-page","status-publish","hentry"],"_links":{"self":[{"href":"https:\/\/uzjzs.org\/index.php?rest_route=\/wp\/v2\/pages\/146","targetHints":{"allow":["GET"]}}],"collection":[{"href":"https:\/\/uzjzs.org\/index.php?rest_route=\/wp\/v2\/pages"}],"about":[{"href":"https:\/\/uzjzs.org\/index.php?rest_route=\/wp\/v2\/types\/page"}],"author":[{"embeddable":true,"href":"https:\/\/uzjzs.org\/index.php?rest_route=\/wp\/v2\/users\/1"}],"replies":[{"embeddable":true,"href":"https:\/\/uzjzs.org\/index.php?rest_route=%2Fwp%2Fv2%2Fcomments&post=146"}],"version-history":[{"count":1,"href":"https:\/\/uzjzs.org\/index.php?rest_route=\/wp\/v2\/pages\/146\/revisions"}],"predecessor-version":[{"id":147,"href":"https:\/\/uzjzs.org\/index.php?rest_route=\/wp\/v2\/pages\/146\/revisions\/147"}],"wp:attachment":[{"href":"https:\/\/uzjzs.org\/index.php?rest_route=%2Fwp%2Fv2%2Fmedia&parent=146"}],"curies":[{"name":"wp","href":"https:\/\/api.w.org\/{rel}","templated":true}]}}