{"id":148,"date":"2025-03-24T08:13:08","date_gmt":"2025-03-24T08:13:08","guid":{"rendered":"https:\/\/rut.belimantil.info\/?page_id=148"},"modified":"2025-04-14T09:33:43","modified_gmt":"2025-04-14T09:33:43","slug":"statut","status":"publish","type":"page","link":"https:\/\/uzjzs.org\/?page_id=148","title":{"rendered":"Statut"},"content":{"rendered":"\n<p><a href=\"https:\/\/uzjzs.org\/wp-content\/uploads\/2025\/03\/Statut-UZJZS_MART-2019.pdf\" target=\"_blank\" rel=\"noreferrer noopener\"><strong>Preuzmite ovde Statut Udru\u017eenja za javno zdravlje Srbije od marta 2019. godine<\/strong><\/a><\/p>\n\n\n\n<p class=\"has-background-color-background-color has-background\" style=\"border-radius:15px\">Na osnovu odredaba \u010dlana 78. Zakona o udru\u017eenjima (\u201eSlu\u017ebeni glasnik RS\u201c<br>br.51\/2009), Skup\u0161tina Udru\u017eenja za javno zdravlje Srbije, na sednici odr\u017eanoj dana 18.03.2019. u Beogradu, usvojila je slede\u0107e<\/p>\n\n\n\n<p><strong>IZMENE I DOPUNE STATUTA<br>UDRU\u017dENjA ZA JAVNO ZDRAVLjE SRBIJE<\/strong><\/p>\n\n\n\n<p><em>I OSNOVNE ODREDBE<\/em><\/p>\n\n\n\n<p>\u010dlan 1.<\/p>\n\n\n\n<p>Ovim Statutom Skup\u0161tina Udru\u017eenja za javno zdravlje Srbije, MB: 17564757 menja<br>postoje\u0107i Statut od 23.12.2010.godine, sa odredbama Zakona o udru\u017eenjima (\u201eSl.<br>glasnik RS\u201c; br. 51\/2009) ) usvaja ovaj novi Statut.<\/p>\n\n\n\n<hr class=\"wp-block-separator has-alpha-channel-opacity\"\/>\n\n\n\n<p>\u010dlan 2.<\/p>\n\n\n\n<p>Statutom Udru\u017eenja za javno zdravlje Srbije ure\u0111uju se: oblast delovanja, ciljevi i<br>zadaci Udru\u017eenja, oblik udru\u017eivanja, naziv i sedi\u0161te, u\u010dlanjenje i prestanak<br>\u010dlanstva, prava, obaveze i odgovornosti \u010dlanova i druga pitanja od zna\u010daja za<br>organizaciju, rad i poslovanje Udru\u017eenja.<\/p>\n\n\n\n<hr class=\"wp-block-separator has-alpha-channel-opacity\"\/>\n\n\n\n<p>\u010dlan 3.<\/p>\n\n\n\n<p>Udru\u017eenje za javno zdravlje je nevladino, neprofitno udru\u017eenje zainteresovanih<br>pojedinaca, razli\u010ditih profesionalnosti, koji prihvataju ciljeve i zadatke<br>definisane ovim Statutom.<\/p>\n\n\n\n<hr class=\"wp-block-separator has-alpha-channel-opacity\"\/>\n\n\n\n<p>\u010dlan 4.<\/p>\n\n\n\n<p>Udru\u017eenje je neprofitno, nevladino udru\u017eenje gra\u0111ana sa punim nazivom UDRU\u017dENjE<br>ZA JAVNO ZDRAVLjE SRBIJE. Skra\u0107eni naziv udru\u017eenja (UJZS).<\/p>\n\n\n\n<hr class=\"wp-block-separator has-alpha-channel-opacity\"\/>\n\n\n\n<p>\u010dlan 5.<\/p>\n\n\n\n<p>Udru\u017eenje za javno zdravlje Srbije (u daljem tekstu: Udru\u017eenje) je pravno lice sa<br>pravima, obavezama i odgovornostima utvr\u0111enim Zakonom i ovim Statutom, sa<br>sedi\u0161tem u Beogradu, ulica Njego\u0161eva 28, Zemun.<br>Postoji mogu\u0107nost otvaranja podru\u017enica sa sedi\u0161tem i u drugim gradovima Srbije,<br>koji su organizacioni delovi Udru\u017eenja.<\/p>\n\n\n\n<hr class=\"wp-block-separator has-alpha-channel-opacity\"\/>\n\n\n\n<p>\u010dlan 6.<\/p>\n\n\n\n<p>Udru\u017eenje ima pe\u010dat okruglog oblika sa ispisanim nazivom udru\u017eenja i mesta<br>sedi\u0161ta.<br>Udru\u017eenje ima memorandum u \u010dijem zaglavlju stoje naziv i sedi\u0161te. Memorandum<br>Udru\u017eenja mo\u017ee sadr\u017eati i podatke o \u010dlanstu Udru\u017eenja u me\u0111unarodnim<br>organizacijama iz oblasti delovanja Udru\u017eenja.<\/p>\n\n\n\n<hr class=\"wp-block-separator has-alpha-channel-opacity\"\/>\n\n\n\n<p>\u010dlan 7.<\/p>\n\n\n\n<p>Naziv udru\u017eenja i skra\u0107ena oznaka mogu sadr\u017eati dodatak u obliku crte\u017ea-amblema,<br>koji je ura\u0111en i kao za\u0161titni znak-logo Udru\u017eenja, o \u010demu odluku donosi Skup\u0161tina<br>Udru\u017eenja.<br>Logotip je u obliku kruga, pre\u010dnika 3 cm. Pozadina kruga je bela, a na obodu, sa<br>unutra\u0161nje strane je tipski crte\u017e likova koje stoje ukrug i dr\u017ee se za ruke, \u0161to<br>simbolizuje partnerstvo ili zajedni\u0161tvo. Odela likova su svetlo plave boje, a<br>njihove glave narand\u017easte boje. Sa spolja\u0161lje strane oboda kruga je ime (naziv)<br>udru\u017eenja tako da slova potpuno obuhvataju kru\u017enicu. Naziv udru\u017eenja je napisan<br>latinicom i\/ili \u0107irilicom.<\/p>\n\n\n\n<hr class=\"wp-block-separator has-alpha-channel-opacity\"\/>\n\n\n\n<p>\u010dlan 8.<br>Udru\u017eenje ima svoj veb sajt na Internetu.<\/p>\n\n\n\n<hr class=\"wp-block-separator has-alpha-channel-opacity\"\/>\n\n\n\n<p>\u010dlan 9.<\/p>\n\n\n\n<p>Udru\u017eenje predstavlja i zastupa predsednik Udru\u017eenja, koji se registruje u skladu sa<br>zakonom o registraciji.<\/p>\n\n\n\n<hr class=\"wp-block-separator has-alpha-channel-opacity\"\/>\n\n\n\n<p>\u010dlan 10.<\/p>\n\n\n\n<p>Predsednik mo\u017ee vr\u0161enje odre\u0111enih poslova iz delokruga predsednika preneti na<br>drugog \u010dlana predsedni\u0161tva, putem punomo\u0107ja. Punomo\u0107ja se uvek daju u pisanoj<br>formi, sa nagla\u0161enim sadr\u017eajem, obimom zastupanja i trajanjem i ne mogu se<br>prenositi na tre\u0107a lica.<\/p>\n\n\n\n<hr class=\"wp-block-separator has-alpha-channel-opacity\"\/>\n\n\n\n<p><em>II OBLAST DELOVANjA \u2013 CILjEVI I AKTIVNOSTI<\/em><\/p>\n\n\n\n<p><br>\u010dlan 11.<\/p>\n\n\n\n<p><strong>Oblast delovanja<\/strong> Udru\u017eenja je: <strong>javno zdravlje<\/strong>.<br><br><strong>Osnovni ciljevi Udru\u017eenja su<\/strong>:<\/p>\n\n\n\n<ul class=\"wp-block-list\">\n<li><strong>postavljanje zdravlja u centar interesovanja dru\u0161tva<\/strong> i <strong>dostizanje najvi\u0161eg<br>nivoa zdravlja svakog pojedinca i zajednice<\/strong>.<\/li>\n\n\n\n<li>puno <strong>u\u010de\u0161\u0107e gra\u0111ana u definisanju prioriteta i dono\u0161enju odluka o<br>sopstvenom zdravlju<\/strong> i <strong>smanjenje nejednakosti u zdravlju<\/strong>.<br><br>Da bi Udru\u017eenje moglo da ostvari pomenute ciljeve sprovodi\u0107e slede\u0107e aktivnosti:<br><\/li>\n\n\n\n<li>organizovati i sprovoditi <strong>promotivne akcije<\/strong> i <strong>istra\u017eivanja<\/strong> u cilju<br>unapre\u0111enja javnog zdravlja<\/li>\n\n\n\n<li>u\u010destvovati u <strong>organizaciji edukativnih skupova<\/strong> sa ciljem ja\u010danja kapacititeta<br>u\u010desnika u javnom zdravlju<\/li>\n\n\n\n<li><strong>\u0161iriti proverene i na nauci zasnovane informacija vezane za zdravlje<\/strong> i<br><strong>podr\u017eavati javnu diskusiju o klju\u010dnim pitanjima za javno zdravlj<\/strong>e<\/li>\n\n\n\n<li><strong>\u0161iriti saradnju sa svim partnerima<\/strong> koje dele iste ciljeve i vrednosti kao<br>Udru\u017eenje<\/li>\n\n\n\n<li><strong>odr\u017eavati \u010dlanstvo u Evropskoj asocijaciji za javno zdravlje<\/strong> (EUPHA) i<br><strong>Svetskoj federaciji asocijacija javnog zdravlja<\/strong> (WFPHA).<\/li>\n<\/ul>\n\n\n\n<hr class=\"wp-block-separator has-alpha-channel-opacity\"\/>\n\n\n\n<p><em>III \u010cLANSTVO U UDRU\u017dENjU<\/em><\/p>\n\n\n\n<p>\u010dlan 12.<\/p>\n\n\n\n<p>Udru\u017eenje \u010dine \u010dlanovi, koji mogu biti: aktivni i po\u010dasni. Aktivni \u010dlanovi mogu<br>biti sva lica koja potpi\u0161u pisanu izjavu (pristupnicu) i time prihvataju prava,<br>obaveze i odgovornosti utvr\u0111ene statutom Udru\u017eenja.<\/p>\n\n\n\n<hr class=\"wp-block-separator has-alpha-channel-opacity\"\/>\n\n\n\n<p>\u010dlan 13.<\/p>\n\n\n\n<p>Po\u010dasnim \u010dlanovima se mogu proglasiti lica i drugi subjekti koji imaju istaknutu<br>ulogu u o\u010duvanju javnog zdravlja. Skup\u0161tina Udru\u017eenja progla\u0161ava po\u010dasne \u010dlanove na<br>obrazlo\u017eni predlog Predsedni\u0161tva.<\/p>\n\n\n\n<hr class=\"wp-block-separator has-alpha-channel-opacity\"\/>\n\n\n\n<p>\u010dlan 14.<\/p>\n\n\n\n<p>\u010clanstvo u Udru\u017eenju prestaje na sopstveni zahtev, pisanjem pisane izjave o istupanju.<br>\u010clanstvo u Udru\u017eenju mo\u017ee prestati i zbog du\u017ee neaktivnosti \u010dlana, nepo\u0161tovanja<br>odredaba ovog statuta ili naru\u0161avanjem ugleda udru\u017eenja. Odluku o prestanku<br>\u010dlanstva donosi Skup\u0161tina na obrazlo\u017eni predlog Predsedni\u0161tva.<br>\u010clanu se mora omogu\u0107iti da se izjasni o razlozima zbog kojih je podnet predlog za<br>dono\u0161enje odluke o prestanku njegovog \u010dlanstva u udru\u017eenju.<\/p>\n\n\n\n<hr class=\"wp-block-separator has-alpha-channel-opacity\"\/>\n\n\n\n<p>\u010dlan 15.<\/p>\n\n\n\n<p>\u010clanovi Udru\u017eenje imaju slede\u0107a prava:<\/p>\n\n\n\n<ul class=\"wp-block-list\">\n<li>da biraju i budu birani u organe Udru\u017eenja, kao i delegirani u ime Udru\u017eenja<br>u organe i organizacije koje se bave javnim zdravljem u zemlji i na<br>me\u0111unarodnom nivou;<\/li>\n\n\n\n<li>da u\u010destvuju u radu Udru\u017eenja, stru\u010dnih komisija i radnih tela u skladu sa<br>statutom;<\/li>\n\n\n\n<li>da budu redovno i potpuno informisani o radu Udru\u017eenja i svih njegovih<br>organa i<\/li>\n\n\n\n<li>da pokre\u0107u inicijative i projekte u okviru ciljeva i zadataka Udru\u017eenja.<\/li>\n<\/ul>\n\n\n\n<hr class=\"wp-block-separator has-alpha-channel-opacity\"\/>\n\n\n\n<p>\u010dlan 16.<\/p>\n\n\n\n<p>Obaveze i odgovornosti \u010dlanova su:<br>\u2013 da se pridr\u017eavaju normativnih akata i odluka Udru\u017eenja;<br>\u2013 da savesno, stru\u010dno i blagovremeno izvr\u0161avaju zadatke koje su prihvatili u<br>Udru\u017eenju;<br>\u2013 da \u010duvaju ugled Udru\u017eenja;<br>\u2013 da se pridr\u017eavaju Ustava, Zakona, statuta i moralnih i eti\u010dkih principa u<br>radu Udru\u017eenja i<br>\u2013 da ispunjavaju ostale obaveze i odgovornosti koje proizilaze iz Zakona i<br>statuta Udru\u017eenja.<br>\u010clanovi Udru\u017eenja pla\u0107aju godi\u0161nju \u010dlanarinu Udru\u017eenju. Visinu \u010dlanarine usvaja<br>Skup\u0161tina na predlog Predsedni\u0161tva udru\u017eenja.<\/p>\n\n\n\n<hr class=\"wp-block-separator has-alpha-channel-opacity\"\/>\n\n\n\n<p><em>IV ORGANI UDRU\u017dENjA<\/em><\/p>\n\n\n\n<p>\u010dlan 17.<\/p>\n\n\n\n<p>Organi Udru\u017eenja za javno zdravlje Srbije su:<br>\u2013 skup\u0161tina;<br>\u2013 predsedni\u0161tvo;<br>\u2013 nadzorni odbor.<\/p>\n\n\n\n<hr class=\"wp-block-separator has-alpha-channel-opacity\"\/>\n\n\n\n<p>\u010dlan 18.<\/p>\n\n\n\n<p>Skup\u0161tina je najvi\u0161i organ Udru\u017eenja. Skup\u0161tinu \u010dine svi \u010dlanovi Udru\u017eenja.<br>Skup\u0161tina se redovno sastaje jednom godi\u0161nje. Pozivi za sastanke skup\u0161tine se<br>upu\u0107uju svim \u010dlanovima udru\u017eenja pismenim putem ili elektronskom po\u0161tom.<br>Vanredna sednica skup\u0161tine mo\u017ee se zakazati na inicijativu nekog od organa<br>udru\u017eenja ili najmanje jedne tre\u0107ine \u010dlanova uz obrazlo\u017eni predlog koji uklju\u010duje<br>pitanja \u010dije se razmatranje predla\u017ee.<br>Skup\u0161tina donosi odluke ve\u0107inom prisutnih \u010dlanova skup\u0161tine.<\/p>\n\n\n\n<hr class=\"wp-block-separator has-alpha-channel-opacity\"\/>\n\n\n\n<p>\u010dlan 19.<\/p>\n\n\n\n<p>Skup\u0161tina bira predsednika, zamenika predesednika i jo\u0161 7 \u010dlanova predesdni\u0161tva<br>udru\u017eenja.<br>Predsednik, ili u njegovom odsustvu, zamenik predsednika, predsedava sednicama<br>Skup\u0161tine.<br>Mandat predsedni\u0161tva je \u010detiri godine. Predsedni\u0161tvo, me\u0111u svojim \u010dlanovima<br>bira sekretara. Sve funkcije su reizborne.<\/p>\n\n\n\n<hr class=\"wp-block-separator has-alpha-channel-opacity\"\/>\n\n\n\n<p>\u010dlan 20.<\/p>\n\n\n\n<p>Predsedni\u0161tvo utvr\u0111uje predlog poslovnika o radu, predlog izmena i dopuna statuta<br>i drugih op\u0161tih akata, predla\u017ee planove rada, na\u010dine komunikacije i programe<br>razvoja Udru\u017eenja, prati njihovo sprovo\u0111enje, i po potrebi, predla\u017ee i preduzima<br>potrebne mere.<\/p>\n\n\n\n<hr class=\"wp-block-separator has-alpha-channel-opacity\"\/>\n\n\n\n<p>\u010dlan 21.<\/p>\n\n\n\n<p>Predsedni\u0161tvo radi i odlu\u010duje na sednicama koje saziva i \u010dijim radom rukovodi<br>predsednik, a u slu\u010daju njegove spre\u010denosti, zamenik predsednika.<br>Predsedni\u0161tvo punopravno radi kada je njegovim sednicama prisutna dvotre\u0107inska<br>ve\u0107ina od ukupnog broja \u010dlanova, a odluke donosi ve\u0107inom prisutnih \u010dlanova.<br>Sekretar predsedni\u0161tva priprema i organizuje sastanke organa Udru\u017eenja po nalogu<br>predsednika, organizuje sastanke sa predstavnicima lokalne zajednice, organima<br>uprave, nevladinim organizacijama, po nalogu organa Udru\u017eenja i realizuje druge<br>poslove po nalogu organa Udru\u017eenja.<\/p>\n\n\n\n<hr class=\"wp-block-separator has-alpha-channel-opacity\"\/>\n\n\n\n<p>\u010dlan 22.<\/p>\n\n\n\n<p>Predsedni\u0161tvo podnosi skup\u0161tini godi\u0161nji izve\u0161taj o radu i poslovanju Udru\u017eenja.<br>Predsedni\u0161tvo za svoj rad odgovara skup\u0161tini.<\/p>\n\n\n\n<hr class=\"wp-block-separator has-alpha-channel-opacity\"\/>\n\n\n\n<p>\u010dlan 23.<\/p>\n\n\n\n<p>Predsednik Presedni\u0161tva zastupa Udru\u017eenje u pravnom prometu i ima prava i<br>du\u017enosti finansijskog nalogodavca. Zamenik predsednika je ovla\u0161\u0107en da u odsustvu<br>predsednika zastupa udru\u017eenje.<\/p>\n\n\n\n<hr class=\"wp-block-separator has-alpha-channel-opacity\"\/>\n\n\n\n<p>\u010dlan 24.<\/p>\n\n\n\n<p>Rad i delovanje skup\u0161tine Udru\u017eenja su javni. Preko sredstava informisanja<br>skup\u0161tina o svome radu obave\u0161tava javnost. Za obave\u0161tavanje javnosti i \u010dlanova<br>udru\u017eenja o radu skup\u0161tine odgovorno je predsedni\u0161tvo udru\u017eenja.<\/p>\n\n\n\n<hr class=\"wp-block-separator has-alpha-channel-opacity\"\/>\n\n\n\n<p>\u010dlan 25.<\/p>\n\n\n\n<p>Skup\u0161tina donosi slede\u0107e odluke:<\/p>\n\n\n\n<ul class=\"wp-block-list\">\n<li>Bira i razre\u0161ava predsedni\u0161tvo i nadzorni odbor;<\/li>\n\n\n\n<li>Usvaja planove rada i razvoja Udru\u017eenja i izve\u0161taje o radu;<\/li>\n\n\n\n<li>Odlu\u010duje o udru\u017eivanju u saveze, doma\u0107e i me\u0111unarodne organizacije i<br>bira predstavnike u iste;<\/li>\n\n\n\n<li>odlu\u010duje o molbama, prigovorima, \u017ealbama, odlu\u010duje o prestanku rada<br>Udru\u017eenja i statusnim promenama.<\/li>\n<\/ul>\n\n\n\n<hr class=\"wp-block-separator has-alpha-channel-opacity\"\/>\n\n\n\n<p>\u010dlan 26.<\/p>\n\n\n\n<p>Poslovnik o radu, koji se usvaja na prvoj redovnoj skup\u0161tini Udru\u017eenja, defini\u0161e<br>rad skup\u0161tine, na\u010din dono\u0161enja dnevnog reda, odlu\u010divanja i druge aktivnosti.<\/p>\n\n\n\n<hr class=\"wp-block-separator has-alpha-channel-opacity\"\/>\n\n\n\n<p>\u010dlan 27.<\/p>\n\n\n\n<p>Skup\u0161tina bira Nadzorni odbor od 3 \u010dlana. Mandat \u010dlanova nadzornog odbora traje<br>\u010detiri godine. Nadzorni odbor Udru\u017eenja ima slede\u0107e zadatke:<br>\u2013 kontrola materijalno-finansijsko poslovanje Udru\u017eenja;<br>\u2013 pra\u0107enje primene Statuta, normativnih akata i njihove uskla\u0111enosti sa<br>Ustavom i odgovaraju\u0107im zakonima i<br>\u2013 vr\u0161enje ostalih nadzornih poslova<\/p>\n\n\n\n<hr class=\"wp-block-separator has-alpha-channel-opacity\"\/>\n\n\n\n<p>\u010dlan 28.<\/p>\n\n\n\n<p>Nadzorni odbor radi i odlu\u010duje na sednicama. Predsednik nadzornog odbora saziva<br>sednice i rukovodi njihovim radom, a u slu\u010daju spre\u010denosti predsednika-njegov<br>zamenik.<br>Nadzorni odbor radi i odlu\u010duje ve\u0107inom od ukupnog broja prisutnih \u010dlanova.<br>Nadzorni odbor podnosi izve\u0161taj Skup\u0161tini udru\u017eenja.<\/p>\n\n\n\n<hr class=\"wp-block-separator has-alpha-channel-opacity\"\/>\n\n\n\n<p>\u010dlan 29.<\/p>\n\n\n\n<p>Udru\u017eenje mo\u017ee da formira administrativno \u2013 tehni\u010dki slu\u017ebu, sastavljenu od<br>odgovaraju\u0107eg broja \u010dlanova, odnosno da zaposli Program menad\u017eera.<\/p>\n\n\n\n<hr class=\"wp-block-separator has-alpha-channel-opacity\"\/>\n\n\n\n<p>\u010dlan 30.<\/p>\n\n\n\n<p>Materijalno-finansijska sredstva Udru\u017eenja.<br>Za svoju delatnost u ostvarenju ciljeva i zadataka, Udru\u017eenja pribavlja materijalo-<br>finansijska sredstva:<\/p>\n\n\n\n<ul class=\"wp-block-list\">\n<li>od \u010dlanarine;<\/li>\n\n\n\n<li>kotizacija za seminare;<\/li>\n\n\n\n<li>dobrovoljnim prilozima, poklonima i zave\u0161tanjima;<\/li>\n\n\n\n<li>konkurisanjem projekata kod nadle\u017enih organa i,<\/li>\n\n\n\n<li>iz drugih izvora u skladu sa zakonom.<\/li>\n<\/ul>\n\n\n\n<hr class=\"wp-block-separator has-alpha-channel-opacity\"\/>\n\n\n\n<p>\u010dlan 31.<\/p>\n\n\n\n<p>Raspore\u0111ivanje sredstava vr\u0161i se prema materijalno-finansijskom planu koji<br>predla\u017ee predsedni\u0161tvo Udru\u017eenja, a usvaja skup\u0161tina.<br>Predsedni\u0161tvo donosi zavr\u0161ni ra\u010dun sa izve\u0161tajem o materijalno-finansijskom<br>poslovanju, a potom ga usvaja skup\u0161tina.<\/p>\n\n\n\n<hr class=\"wp-block-separator has-alpha-channel-opacity\"\/>\n\n\n\n<p><em>V PRESTANAK RADA UDRU\u017dENjA<\/em><\/p>\n\n\n\n<p>\u010dlan 32.<\/p>\n\n\n\n<p>Udru\u017eenje prestaje sa radom:<br>\u2013 odlukom skup\u0161tine Udru\u017eenja ve\u0107inom od ukupnog broja prisutnih \u010dlanova<br>Udru\u017eenja;<br>\u2013 u slu\u010daju da nadle\u017eni dr\u017eavni organ zabrani rad Udru\u017eenja;<br>\u2013 u slu\u010daju da Udru\u017eenje ne izvr\u0161ava delatnosti prema svojim ciljevima i<br>zadacima du\u017ee od godinu dana i<br>\u2013 u drugim slu\u010dajevima predvi\u0111enim Zakonom.<br>Odluku o prestanku rada Udru\u017eenja donosi skup\u0161tina Udru\u017eenja na na\u010din i po<br>postupku kako donosi i ostale odluke u skladu sa ovim statutom, a na predlog<br>predsedni\u0161tva.<br>Odlukom o prestanku rada Udru\u017eenja reguli\u0161e se i na\u010din raspolaganja imovinom i<br>arhivom Udru\u017eenja s tim \u0161to se imovina, koja preostane kao aktiva Udru\u017eenja,<br>prenosi Crvenom krstu Srbije.<\/p>\n\n\n\n<hr class=\"wp-block-separator has-alpha-channel-opacity\"\/>\n\n\n\n<p><em>VI IZMENE I DOPUNE STATUTA<\/em><\/p>\n\n\n\n<p>\u010dlan 33.<\/p>\n\n\n\n<p>Izmene i dopune Statuta mogu predlo\u017eiti Predsedni\u0161tvo udru\u017eenja skup\u0161tine, ili<br>najmanje 10 \u010dlanova Udru\u017eenja.<br>Skup\u0161tina usvaja promene statuta.<\/p>\n\n\n\n<hr class=\"wp-block-separator has-alpha-channel-opacity\"\/>\n\n\n\n<p>\u010dlan 34.<\/p>\n\n\n\n<p>Na sva pitanja koja nisu regulisana ovim statutom neposredno \u0107e se primenjivati<br>odredbe Zakona o udru\u017eenjima.<\/p>\n\n\n\n<hr class=\"wp-block-separator has-alpha-channel-opacity\"\/>\n\n\n\n<p><em>VII PRELAZNE I ZAVR\u0160NE ODREDBE<\/em><br>\u010clan 35.<\/p>\n\n\n\n<p>Ovaj Statut je donela donosi Skup\u0161tina Udru\u017eenja na sednici odr\u017eanoj 18. Marta<br>2019., a stupa na snagu 8. dana od dana objavljivanja kad istovremeno prestaje da va\u017ei<br>Statut usvojen 23.12.2010. godine.<\/p>\n\n\n\n<hr class=\"wp-block-separator has-alpha-channel-opacity\"\/>\n\n\n\n<p><\/p>\n","protected":false},"excerpt":{"rendered":"<p>Preuzmite ovde Statut Udru\u017eenja za javno zdravlje Srbije od marta 2019. godine Na osnovu odredaba \u010dlana 78. Zakona o udru\u017eenjima (\u201eSlu\u017ebeni glasnik RS\u201cbr.51\/2009), Skup\u0161tina Udru\u017eenja za javno zdravlje Srbije, na sednici odr\u017eanoj dana 18.03.2019. u Beogradu, usvojila je slede\u0107e IZMENE I DOPUNE STATUTAUDRU\u017dENjA ZA JAVNO ZDRAVLjE SRBIJE I OSNOVNE ODREDBE [&hellip;]<\/p>\n","protected":false},"author":1,"featured_media":0,"parent":0,"menu_order":0,"comment_status":"closed","ping_status":"closed","template":"","meta":{"_themeisle_gutenberg_block_has_review":false,"footnotes":""},"class_list":["post-148","page","type-page","status-publish","hentry"],"_links":{"self":[{"href":"https:\/\/uzjzs.org\/index.php?rest_route=\/wp\/v2\/pages\/148","targetHints":{"allow":["GET"]}}],"collection":[{"href":"https:\/\/uzjzs.org\/index.php?rest_route=\/wp\/v2\/pages"}],"about":[{"href":"https:\/\/uzjzs.org\/index.php?rest_route=\/wp\/v2\/types\/page"}],"author":[{"embeddable":true,"href":"https:\/\/uzjzs.org\/index.php?rest_route=\/wp\/v2\/users\/1"}],"replies":[{"embeddable":true,"href":"https:\/\/uzjzs.org\/index.php?rest_route=%2Fwp%2Fv2%2Fcomments&post=148"}],"version-history":[{"count":7,"href":"https:\/\/uzjzs.org\/index.php?rest_route=\/wp\/v2\/pages\/148\/revisions"}],"predecessor-version":[{"id":260,"href":"https:\/\/uzjzs.org\/index.php?rest_route=\/wp\/v2\/pages\/148\/revisions\/260"}],"wp:attachment":[{"href":"https:\/\/uzjzs.org\/index.php?rest_route=%2Fwp%2Fv2%2Fmedia&parent=148"}],"curies":[{"name":"wp","href":"https:\/\/api.w.org\/{rel}","templated":true}]}}