{"id":152,"date":"2025-03-24T08:52:00","date_gmt":"2025-03-24T08:52:00","guid":{"rendered":"https:\/\/rut.belimantil.info\/?page_id=152"},"modified":"2025-04-15T13:18:40","modified_gmt":"2025-04-15T13:18:40","slug":"predsednistvo-i-nadzorni-odbor","status":"publish","type":"page","link":"https:\/\/uzjzs.org\/?page_id=152","title":{"rendered":"Predsedni\u0161tvo i nadzorni odbor"},"content":{"rendered":"\n<h2 id=\"wp-block-themeisle-blocks-advanced-heading-aee30fb5\" class=\"wp-block-themeisle-blocks-advanced-heading wp-block-themeisle-blocks-advanced-heading-aee30fb5 has-light-bg\"><strong>\u010clanovi Predsedni\u0161tva<\/strong><\/h2>\n\n\n\n<hr class=\"wp-block-separator has-alpha-channel-opacity\"\/>\n\n\n\n<div id=\"wp-block-themeisle-blocks-advanced-columns-55b78b58\" class=\"wp-block-themeisle-blocks-advanced-columns alignfull has-3-columns has-desktop-equal-layout has-tablet-equal-layout has-mobile-collapsedRows-layout has-vertical-center ticss-c00aadba\"><div class=\"wp-block-themeisle-blocks-advanced-columns-overlay\"><\/div><div class=\"innerblocks-wrap\">\n<div id=\"wp-block-themeisle-blocks-advanced-column-d16eef57\" class=\"wp-block-themeisle-blocks-advanced-column\"><div class=\"wp-block-image\">\n<figure class=\"aligncenter size-full has-custom-border\"><img loading=\"lazy\" decoding=\"async\" width=\"683\" height=\"684\" src=\"https:\/\/uzjzs.org\/wp-content\/uploads\/2025\/04\/Stefan-Mandic-Rajcevic-Photo.png\" alt=\"\" class=\"wp-image-291\" style=\"border-radius:25px;aspect-ratio:1;object-fit:cover\" srcset=\"https:\/\/uzjzs.org\/wp-content\/uploads\/2025\/04\/Stefan-Mandic-Rajcevic-Photo.png 683w, https:\/\/uzjzs.org\/wp-content\/uploads\/2025\/04\/Stefan-Mandic-Rajcevic-Photo-300x300.png 300w, https:\/\/uzjzs.org\/wp-content\/uploads\/2025\/04\/Stefan-Mandic-Rajcevic-Photo-150x150.png 150w\" sizes=\"auto, (max-width: 683px) 100vw, 683px\" \/><\/figure>\n<\/div>\n\n\n<h5 id=\"wp-block-themeisle-blocks-advanced-heading-af4a6933\" class=\"wp-block-themeisle-blocks-advanced-heading wp-block-themeisle-blocks-advanced-heading-af4a6933\">Dr Stefan Mandi\u0107-Raj\u010devi\u0107<\/h5>\n\n\n\n<p class=\"has-text-align-center\">Predsednik udru\u017eenja<\/p>\n\n\n\n<ul class=\"wp-block-social-links is-content-justification-right is-layout-flex wp-container-core-social-links-is-layout-d445cf74 wp-block-social-links-is-layout-flex\">\n\n<\/ul>\n<\/div>\n\n\n\n<div id=\"wp-block-themeisle-blocks-advanced-column-bd1b0b6b\" class=\"wp-block-themeisle-blocks-advanced-column\"><div class=\"wp-block-image\">\n<figure class=\"aligncenter size-full has-custom-border\"><img loading=\"lazy\" decoding=\"async\" width=\"1000\" height=\"666\" src=\"https:\/\/uzjzs.org\/wp-content\/uploads\/2025\/04\/Dr-Snezana-Ukropina-Photo.jpg\" alt=\"\" class=\"wp-image-293\" style=\"border-radius:25px;aspect-ratio:1;object-fit:cover\" srcset=\"https:\/\/uzjzs.org\/wp-content\/uploads\/2025\/04\/Dr-Snezana-Ukropina-Photo.jpg 1000w, https:\/\/uzjzs.org\/wp-content\/uploads\/2025\/04\/Dr-Snezana-Ukropina-Photo-300x200.jpg 300w, https:\/\/uzjzs.org\/wp-content\/uploads\/2025\/04\/Dr-Snezana-Ukropina-Photo-768x511.jpg 768w, https:\/\/uzjzs.org\/wp-content\/uploads\/2025\/04\/Dr-Snezana-Ukropina-Photo-360x240.jpg 360w\" sizes=\"auto, (max-width: 1000px) 100vw, 1000px\" \/><\/figure>\n<\/div>\n\n\n<h5 id=\"wp-block-themeisle-blocks-advanced-heading-112ba0b0\" class=\"wp-block-themeisle-blocks-advanced-heading wp-block-themeisle-blocks-advanced-heading-112ba0b0\">Dr Sne\u017eana Ukropina<\/h5>\n\n\n\n<p class=\"has-text-align-center\">Potpredsednica udru\u017eenja<\/p>\n\n\n\n<ul class=\"wp-block-social-links is-content-justification-right is-layout-flex wp-container-core-social-links-is-layout-d445cf74 wp-block-social-links-is-layout-flex\"><\/ul>\n<\/div>\n\n\n\n<div id=\"wp-block-themeisle-blocks-advanced-column-07b3d357\" class=\"wp-block-themeisle-blocks-advanced-column\"><div class=\"wp-block-image\">\n<figure class=\"aligncenter size-full has-custom-border\"><img loading=\"lazy\" decoding=\"async\" width=\"1626\" height=\"1080\" src=\"https:\/\/uzjzs.org\/wp-content\/uploads\/2025\/04\/Dragoslav-Popovic-photo.jpg\" alt=\"\" class=\"wp-image-294\" style=\"border-radius:25px;aspect-ratio:1;object-fit:cover\" srcset=\"https:\/\/uzjzs.org\/wp-content\/uploads\/2025\/04\/Dragoslav-Popovic-photo.jpg 1626w, https:\/\/uzjzs.org\/wp-content\/uploads\/2025\/04\/Dragoslav-Popovic-photo-300x199.jpg 300w, https:\/\/uzjzs.org\/wp-content\/uploads\/2025\/04\/Dragoslav-Popovic-photo-1024x680.jpg 1024w, https:\/\/uzjzs.org\/wp-content\/uploads\/2025\/04\/Dragoslav-Popovic-photo-768x510.jpg 768w, https:\/\/uzjzs.org\/wp-content\/uploads\/2025\/04\/Dragoslav-Popovic-photo-1536x1020.jpg 1536w, https:\/\/uzjzs.org\/wp-content\/uploads\/2025\/04\/Dragoslav-Popovic-photo-360x240.jpg 360w\" sizes=\"auto, (max-width: 1626px) 100vw, 1626px\" \/><\/figure>\n<\/div>\n\n\n<h5 id=\"wp-block-themeisle-blocks-advanced-heading-c1dd424b\" class=\"wp-block-themeisle-blocks-advanced-heading wp-block-themeisle-blocks-advanced-heading-c1dd424b\">Dr Dragoslav Popovi\u0107<\/h5>\n\n\n\n<p class=\"has-text-align-center\">\u010clan Predsedni\u0161tva udru\u017eenja<\/p>\n\n\n\n<ul class=\"wp-block-social-links is-content-justification-right is-layout-flex wp-container-core-social-links-is-layout-d445cf74 wp-block-social-links-is-layout-flex\"><\/ul>\n<\/div>\n<\/div><\/div>\n\n\n\n<div id=\"wp-block-themeisle-blocks-advanced-columns-98d1913c\" class=\"wp-block-themeisle-blocks-advanced-columns alignfull has-3-columns has-desktop-equal-layout has-tablet-equal-layout has-mobile-collapsedRows-layout has-vertical-center ticss-c00aadba\"><div class=\"wp-block-themeisle-blocks-advanced-columns-overlay\"><\/div><div class=\"innerblocks-wrap\">\n<div id=\"wp-block-themeisle-blocks-advanced-column-2b56f90a\" class=\"wp-block-themeisle-blocks-advanced-column\"><div class=\"wp-block-image\">\n<figure class=\"aligncenter size-full has-custom-border\"><img loading=\"lazy\" decoding=\"async\" width=\"512\" height=\"512\" src=\"https:\/\/uzjzs.org\/wp-content\/uploads\/2025\/04\/Aleksandar-Stevanovic-Photo.jpg\" alt=\"\" class=\"wp-image-296\" style=\"border-radius:25px;aspect-ratio:1;object-fit:cover\" srcset=\"https:\/\/uzjzs.org\/wp-content\/uploads\/2025\/04\/Aleksandar-Stevanovic-Photo.jpg 512w, https:\/\/uzjzs.org\/wp-content\/uploads\/2025\/04\/Aleksandar-Stevanovic-Photo-300x300.jpg 300w, https:\/\/uzjzs.org\/wp-content\/uploads\/2025\/04\/Aleksandar-Stevanovic-Photo-150x150.jpg 150w\" sizes=\"auto, (max-width: 512px) 100vw, 512px\" \/><\/figure>\n<\/div>\n\n\n<h5 id=\"wp-block-themeisle-blocks-advanced-heading-703a79e5\" class=\"wp-block-themeisle-blocks-advanced-heading wp-block-themeisle-blocks-advanced-heading-703a79e5\">Dr Aleksandar Stevanovi\u0107<\/h5>\n\n\n\n<p class=\"has-text-align-center\">\u010clan Predsedni\u0161tva udru\u017eenja<\/p>\n\n\n\n<ul class=\"wp-block-social-links is-content-justification-right is-layout-flex wp-container-core-social-links-is-layout-d445cf74 wp-block-social-links-is-layout-flex\">\n\n<\/ul>\n<\/div>\n\n\n\n<div id=\"wp-block-themeisle-blocks-advanced-column-52610075\" class=\"wp-block-themeisle-blocks-advanced-column\"><div class=\"wp-block-image\">\n<figure class=\"aligncenter size-full has-custom-border\"><img loading=\"lazy\" decoding=\"async\" width=\"1835\" height=\"1835\" src=\"https:\/\/uzjzs.org\/wp-content\/uploads\/2025\/04\/Prof.-dr-Zorica-Terzic-Supic-Photo.jpg\" alt=\"\" class=\"wp-image-297\" style=\"border-radius:25px;aspect-ratio:1;object-fit:cover\" srcset=\"https:\/\/uzjzs.org\/wp-content\/uploads\/2025\/04\/Prof.-dr-Zorica-Terzic-Supic-Photo.jpg 1835w, https:\/\/uzjzs.org\/wp-content\/uploads\/2025\/04\/Prof.-dr-Zorica-Terzic-Supic-Photo-300x300.jpg 300w, https:\/\/uzjzs.org\/wp-content\/uploads\/2025\/04\/Prof.-dr-Zorica-Terzic-Supic-Photo-1024x1024.jpg 1024w, https:\/\/uzjzs.org\/wp-content\/uploads\/2025\/04\/Prof.-dr-Zorica-Terzic-Supic-Photo-150x150.jpg 150w, https:\/\/uzjzs.org\/wp-content\/uploads\/2025\/04\/Prof.-dr-Zorica-Terzic-Supic-Photo-768x768.jpg 768w, https:\/\/uzjzs.org\/wp-content\/uploads\/2025\/04\/Prof.-dr-Zorica-Terzic-Supic-Photo-1536x1536.jpg 1536w\" sizes=\"auto, (max-width: 1835px) 100vw, 1835px\" \/><\/figure>\n<\/div>\n\n\n<h5 id=\"wp-block-themeisle-blocks-advanced-heading-1ebf429a\" class=\"wp-block-themeisle-blocks-advanced-heading wp-block-themeisle-blocks-advanced-heading-1ebf429a\">Prof. dr Zorica Terzi\u0107-\u0160upi\u0107<\/h5>\n\n\n\n<p class=\"has-text-align-center\">\u010clanica Predsedni\u0161tva udru\u017eenja<\/p>\n\n\n\n<ul class=\"wp-block-social-links is-content-justification-right is-layout-flex wp-container-core-social-links-is-layout-d445cf74 wp-block-social-links-is-layout-flex\"><\/ul>\n<\/div>\n\n\n\n<div id=\"wp-block-themeisle-blocks-advanced-column-51af7578\" class=\"wp-block-themeisle-blocks-advanced-column\"><div class=\"wp-block-image\">\n<figure class=\"aligncenter size-full has-custom-border\"><img loading=\"lazy\" decoding=\"async\" width=\"512\" height=\"512\" src=\"https:\/\/uzjzs.org\/wp-content\/uploads\/2025\/04\/Doc.-dr-Smiljana-Cvjetkovic-Photo.jpg\" alt=\"\" class=\"wp-image-298\" style=\"border-radius:25px;aspect-ratio:1;object-fit:cover\" srcset=\"https:\/\/uzjzs.org\/wp-content\/uploads\/2025\/04\/Doc.-dr-Smiljana-Cvjetkovic-Photo.jpg 512w, https:\/\/uzjzs.org\/wp-content\/uploads\/2025\/04\/Doc.-dr-Smiljana-Cvjetkovic-Photo-300x300.jpg 300w, https:\/\/uzjzs.org\/wp-content\/uploads\/2025\/04\/Doc.-dr-Smiljana-Cvjetkovic-Photo-150x150.jpg 150w\" sizes=\"auto, (max-width: 512px) 100vw, 512px\" \/><\/figure>\n<\/div>\n\n\n<h5 id=\"wp-block-themeisle-blocks-advanced-heading-ae59d907\" class=\"wp-block-themeisle-blocks-advanced-heading wp-block-themeisle-blocks-advanced-heading-ae59d907\">Doc. dr Smiljana Cvjetkovi\u0107<\/h5>\n\n\n\n<p class=\"has-text-align-center\">\u010clanica Predsedni\u0161tva udru\u017eenja<\/p>\n\n\n\n<ul class=\"wp-block-social-links is-content-justification-right is-layout-flex wp-container-core-social-links-is-layout-d445cf74 wp-block-social-links-is-layout-flex\"><\/ul>\n<\/div>\n<\/div><\/div>\n\n\n\n<div id=\"wp-block-themeisle-blocks-advanced-columns-d9ee3c77\" class=\"wp-block-themeisle-blocks-advanced-columns alignfull has-3-columns has-desktop-equal-layout has-tablet-equal-layout has-mobile-collapsedRows-layout has-vertical-center ticss-c00aadba\"><div class=\"wp-block-themeisle-blocks-advanced-columns-overlay\"><\/div><div class=\"innerblocks-wrap\">\n<div id=\"wp-block-themeisle-blocks-advanced-column-e38b33f0\" class=\"wp-block-themeisle-blocks-advanced-column\"><div class=\"wp-block-image\">\n<figure class=\"aligncenter size-full has-custom-border\"><img loading=\"lazy\" decoding=\"async\" width=\"720\" height=\"720\" src=\"https:\/\/uzjzs.org\/wp-content\/uploads\/2025\/04\/Dr-Branko-Vujkovic-Photo2.jpg\" alt=\"\" class=\"wp-image-335\" style=\"border-radius:25px;aspect-ratio:1;object-fit:cover\" srcset=\"https:\/\/uzjzs.org\/wp-content\/uploads\/2025\/04\/Dr-Branko-Vujkovic-Photo2.jpg 720w, https:\/\/uzjzs.org\/wp-content\/uploads\/2025\/04\/Dr-Branko-Vujkovic-Photo2-300x300.jpg 300w, https:\/\/uzjzs.org\/wp-content\/uploads\/2025\/04\/Dr-Branko-Vujkovic-Photo2-150x150.jpg 150w\" sizes=\"auto, (max-width: 720px) 100vw, 720px\" \/><\/figure>\n<\/div>\n\n\n<h5 id=\"wp-block-themeisle-blocks-advanced-heading-69b2f04b\" class=\"wp-block-themeisle-blocks-advanced-heading wp-block-themeisle-blocks-advanced-heading-69b2f04b\">Dr Branko Vujkovi\u0107<\/h5>\n\n\n\n<p class=\"has-text-align-center\">\u010clan Predsedni\u0161tva udru\u017eenja<\/p>\n\n\n\n<ul class=\"wp-block-social-links is-content-justification-right is-layout-flex wp-container-core-social-links-is-layout-d445cf74 wp-block-social-links-is-layout-flex\"><li class=\"wp-social-link wp-social-link-linkedin  wp-block-social-link\"><a href=\"https:\/\/www.linkedin.com\/in\/branko-vujkovic-493bb844\" class=\"wp-block-social-link-anchor\"><svg width=\"24\" height=\"24\" viewBox=\"0 0 24 24\" version=\"1.1\" xmlns=\"http:\/\/www.w3.org\/2000\/svg\" aria-hidden=\"true\" focusable=\"false\"><path d=\"M19.7,3H4.3C3.582,3,3,3.582,3,4.3v15.4C3,20.418,3.582,21,4.3,21h15.4c0.718,0,1.3-0.582,1.3-1.3V4.3 C21,3.582,20.418,3,19.7,3z M8.339,18.338H5.667v-8.59h2.672V18.338z M7.004,8.574c-0.857,0-1.549-0.694-1.549-1.548 c0-0.855,0.691-1.548,1.549-1.548c0.854,0,1.547,0.694,1.547,1.548C8.551,7.881,7.858,8.574,7.004,8.574z M18.339,18.338h-2.669 v-4.177c0-0.996-0.017-2.278-1.387-2.278c-1.389,0-1.601,1.086-1.601,2.206v4.249h-2.667v-8.59h2.559v1.174h0.037 c0.356-0.675,1.227-1.387,2.526-1.387c2.703,0,3.203,1.779,3.203,4.092V18.338z\"><\/path><\/svg><span class=\"wp-block-social-link-label screen-reader-text\">LinkedIn<\/span><\/a><\/li>\n\n<\/ul>\n<\/div>\n\n\n\n<div id=\"wp-block-themeisle-blocks-advanced-column-f30a5535\" class=\"wp-block-themeisle-blocks-advanced-column\"><div class=\"wp-block-image\">\n<figure class=\"aligncenter size-full has-custom-border\"><img loading=\"lazy\" decoding=\"async\" width=\"371\" height=\"530\" src=\"https:\/\/uzjzs.org\/wp-content\/uploads\/2025\/04\/Prof.-dr-Dusanka-Krajnovic-Photo.jpg\" alt=\"\" class=\"wp-image-302\" style=\"border-radius:25px;aspect-ratio:1;object-fit:cover\" srcset=\"https:\/\/uzjzs.org\/wp-content\/uploads\/2025\/04\/Prof.-dr-Dusanka-Krajnovic-Photo.jpg 371w, https:\/\/uzjzs.org\/wp-content\/uploads\/2025\/04\/Prof.-dr-Dusanka-Krajnovic-Photo-210x300.jpg 210w\" sizes=\"auto, (max-width: 371px) 100vw, 371px\" \/><\/figure>\n<\/div>\n\n\n<h5 id=\"wp-block-themeisle-blocks-advanced-heading-536f31f7\" class=\"wp-block-themeisle-blocks-advanced-heading wp-block-themeisle-blocks-advanced-heading-536f31f7\">Prof. dr Du\u0161anka Krajnovi\u0107<\/h5>\n\n\n\n<p class=\"has-text-align-center\">\u010clanica Predsedni\u0161tva udru\u017eenja<\/p>\n\n\n\n<ul class=\"wp-block-social-links is-content-justification-right is-layout-flex wp-container-core-social-links-is-layout-d445cf74 wp-block-social-links-is-layout-flex\"><\/ul>\n<\/div>\n\n\n\n<div id=\"wp-block-themeisle-blocks-advanced-column-997fa3cb\" class=\"wp-block-themeisle-blocks-advanced-column\"><div class=\"wp-block-image\">\n<figure class=\"aligncenter size-full has-custom-border\"><img loading=\"lazy\" decoding=\"async\" width=\"500\" height=\"500\" src=\"https:\/\/uzjzs.org\/wp-content\/uploads\/2025\/04\/Prof-dr-Momcilo-Mirkovic-Photo.png\" alt=\"\" class=\"wp-image-313\" style=\"border-radius:25px\" srcset=\"https:\/\/uzjzs.org\/wp-content\/uploads\/2025\/04\/Prof-dr-Momcilo-Mirkovic-Photo.png 500w, https:\/\/uzjzs.org\/wp-content\/uploads\/2025\/04\/Prof-dr-Momcilo-Mirkovic-Photo-300x300.png 300w, https:\/\/uzjzs.org\/wp-content\/uploads\/2025\/04\/Prof-dr-Momcilo-Mirkovic-Photo-150x150.png 150w\" sizes=\"auto, (max-width: 500px) 100vw, 500px\" \/><\/figure>\n<\/div>\n\n\n<h5 id=\"wp-block-themeisle-blocks-advanced-heading-4ea7f4f0\" class=\"wp-block-themeisle-blocks-advanced-heading wp-block-themeisle-blocks-advanced-heading-4ea7f4f0\">Prof. dr Mom\u010dilo Mirkovi\u0107<\/h5>\n\n\n\n<p class=\"has-text-align-center\">\u010clan Predsedni\u0161tva udru\u017eenja<\/p>\n\n\n\n<ul class=\"wp-block-social-links is-content-justification-right is-layout-flex wp-container-core-social-links-is-layout-d445cf74 wp-block-social-links-is-layout-flex\"><\/ul>\n<\/div>\n<\/div><\/div>\n\n\n\n<hr class=\"wp-block-separator has-alpha-channel-opacity\"\/>\n\n\n\n<h2 id=\"wp-block-themeisle-blocks-advanced-heading-8ca2c40a\" class=\"wp-block-themeisle-blocks-advanced-heading wp-block-themeisle-blocks-advanced-heading-8ca2c40a has-light-bg\"><strong>\u010clanovi Nadzornog odbora<\/strong><\/h2>\n\n\n\n<hr class=\"wp-block-separator has-alpha-channel-opacity\"\/>\n\n\n\n<div id=\"wp-block-themeisle-blocks-advanced-columns-fa84ebb6\" class=\"wp-block-themeisle-blocks-advanced-columns alignfull has-3-columns has-desktop-equal-layout has-tablet-equal-layout has-mobile-collapsedRows-layout has-vertical-center ticss-c00aadba\"><div class=\"wp-block-themeisle-blocks-advanced-columns-overlay\"><\/div><div class=\"innerblocks-wrap\">\n<div id=\"wp-block-themeisle-blocks-advanced-column-c32e3de8\" class=\"wp-block-themeisle-blocks-advanced-column\"><div class=\"wp-block-image\">\n<figure class=\"aligncenter size-full has-custom-border\"><img loading=\"lazy\" decoding=\"async\" width=\"1024\" height=\"768\" src=\"https:\/\/uzjzs.org\/wp-content\/uploads\/2025\/04\/Andjelka-Kotevic-Photo.jpg\" alt=\"\" class=\"wp-image-306\" style=\"border-top-left-radius:25px;border-top-right-radius:25px;border-bottom-left-radius:25px;aspect-ratio:1;object-fit:cover\" srcset=\"https:\/\/uzjzs.org\/wp-content\/uploads\/2025\/04\/Andjelka-Kotevic-Photo.jpg 1024w, https:\/\/uzjzs.org\/wp-content\/uploads\/2025\/04\/Andjelka-Kotevic-Photo-300x225.jpg 300w, https:\/\/uzjzs.org\/wp-content\/uploads\/2025\/04\/Andjelka-Kotevic-Photo-768x576.jpg 768w\" sizes=\"auto, (max-width: 1024px) 100vw, 1024px\" \/><\/figure>\n<\/div>\n\n\n<h5 id=\"wp-block-themeisle-blocks-advanced-heading-0cbc9ecb\" class=\"wp-block-themeisle-blocks-advanced-heading wp-block-themeisle-blocks-advanced-heading-0cbc9ecb\">An\u0111elka Kotevi\u0107<\/h5>\n\n\n\n<p class=\"has-text-align-center\">\u010clanica Nadzornog odbora udru\u017eenja<\/p>\n\n\n\n<ul class=\"wp-block-social-links is-content-justification-right is-layout-flex wp-container-core-social-links-is-layout-d445cf74 wp-block-social-links-is-layout-flex\"><\/ul>\n<\/div>\n\n\n\n<div id=\"wp-block-themeisle-blocks-advanced-column-0cbb75d8\" class=\"wp-block-themeisle-blocks-advanced-column\"><div class=\"wp-block-image\">\n<figure class=\"aligncenter size-full has-custom-border\"><img loading=\"lazy\" decoding=\"async\" width=\"400\" height=\"400\" src=\"https:\/\/uzjzs.org\/wp-content\/uploads\/2025\/04\/Prof.-dr-Vesna-Bjegovic-Mikanovic-Photo.jpg\" alt=\"\" class=\"wp-image-308\" style=\"border-top-left-radius:25px;border-top-right-radius:25px;border-bottom-left-radius:25px;aspect-ratio:1;object-fit:cover\" srcset=\"https:\/\/uzjzs.org\/wp-content\/uploads\/2025\/04\/Prof.-dr-Vesna-Bjegovic-Mikanovic-Photo.jpg 400w, https:\/\/uzjzs.org\/wp-content\/uploads\/2025\/04\/Prof.-dr-Vesna-Bjegovic-Mikanovic-Photo-300x300.jpg 300w, https:\/\/uzjzs.org\/wp-content\/uploads\/2025\/04\/Prof.-dr-Vesna-Bjegovic-Mikanovic-Photo-150x150.jpg 150w\" sizes=\"auto, (max-width: 400px) 100vw, 400px\" \/><\/figure>\n<\/div>\n\n\n<h5 id=\"wp-block-themeisle-blocks-advanced-heading-60edfafb\" class=\"wp-block-themeisle-blocks-advanced-heading wp-block-themeisle-blocks-advanced-heading-60edfafb\">Prof. dr Vesna Bjegovi\u0107-Mikanovi\u0107<\/h5>\n\n\n\n<p class=\"has-text-align-center\">\u010clanica Nadzornog odbora udru\u017eenja<\/p>\n\n\n\n<ul class=\"wp-block-social-links is-content-justification-right is-layout-flex wp-container-core-social-links-is-layout-d445cf74 wp-block-social-links-is-layout-flex\"><\/ul>\n<\/div>\n\n\n\n<div id=\"wp-block-themeisle-blocks-advanced-column-79c0d479\" class=\"wp-block-themeisle-blocks-advanced-column\"><div class=\"wp-block-image\">\n<figure class=\"aligncenter size-full has-custom-border\"><img loading=\"lazy\" decoding=\"async\" width=\"2560\" height=\"2560\" src=\"https:\/\/uzjzs.org\/wp-content\/uploads\/2025\/04\/Prof.-dr-Milena-Santric-Milicevic-Photo.jpg\" alt=\"\" class=\"wp-image-309\" style=\"border-top-left-radius:25px;border-top-right-radius:25px;border-bottom-left-radius:25px;aspect-ratio:1;object-fit:cover\" srcset=\"https:\/\/uzjzs.org\/wp-content\/uploads\/2025\/04\/Prof.-dr-Milena-Santric-Milicevic-Photo.jpg 2560w, https:\/\/uzjzs.org\/wp-content\/uploads\/2025\/04\/Prof.-dr-Milena-Santric-Milicevic-Photo-300x300.jpg 300w, https:\/\/uzjzs.org\/wp-content\/uploads\/2025\/04\/Prof.-dr-Milena-Santric-Milicevic-Photo-1024x1024.jpg 1024w, https:\/\/uzjzs.org\/wp-content\/uploads\/2025\/04\/Prof.-dr-Milena-Santric-Milicevic-Photo-150x150.jpg 150w, https:\/\/uzjzs.org\/wp-content\/uploads\/2025\/04\/Prof.-dr-Milena-Santric-Milicevic-Photo-768x768.jpg 768w, https:\/\/uzjzs.org\/wp-content\/uploads\/2025\/04\/Prof.-dr-Milena-Santric-Milicevic-Photo-1536x1536.jpg 1536w, https:\/\/uzjzs.org\/wp-content\/uploads\/2025\/04\/Prof.-dr-Milena-Santric-Milicevic-Photo-2048x2048.jpg 2048w\" sizes=\"auto, (max-width: 2560px) 100vw, 2560px\" \/><\/figure>\n<\/div>\n\n\n<h5 id=\"wp-block-themeisle-blocks-advanced-heading-981e5be3\" class=\"wp-block-themeisle-blocks-advanced-heading wp-block-themeisle-blocks-advanced-heading-981e5be3\">Prof. dr Milena \u0160antri\u0107 Mili\u0107evi\u0107<\/h5>\n\n\n\n<p class=\"has-text-align-center\">\u010clanica Nadzornog odbora udru\u017eenja<\/p>\n\n\n\n<ul class=\"wp-block-social-links is-content-justification-right is-layout-flex wp-container-core-social-links-is-layout-d445cf74 wp-block-social-links-is-layout-flex\"><\/ul>\n<\/div>\n<\/div><\/div>\n\n\n\n<hr class=\"wp-block-separator has-alpha-channel-opacity\"\/>\n\n\n\n<p><\/p>\n","protected":false},"excerpt":{"rendered":"","protected":false},"author":1,"featured_media":0,"parent":0,"menu_order":0,"comment_status":"closed","ping_status":"closed","template":"","meta":{"_themeisle_gutenberg_block_has_review":false,"footnotes":""},"class_list":["post-152","page","type-page","status-publish","hentry"],"_links":{"self":[{"href":"https:\/\/uzjzs.org\/index.php?rest_route=\/wp\/v2\/pages\/152","targetHints":{"allow":["GET"]}}],"collection":[{"href":"https:\/\/uzjzs.org\/index.php?rest_route=\/wp\/v2\/pages"}],"about":[{"href":"https:\/\/uzjzs.org\/index.php?rest_route=\/wp\/v2\/types\/page"}],"author":[{"embeddable":true,"href":"https:\/\/uzjzs.org\/index.php?rest_route=\/wp\/v2\/users\/1"}],"replies":[{"embeddable":true,"href":"https:\/\/uzjzs.org\/index.php?rest_route=%2Fwp%2Fv2%2Fcomments&post=152"}],"version-history":[{"count":23,"href":"https:\/\/uzjzs.org\/index.php?rest_route=\/wp\/v2\/pages\/152\/revisions"}],"predecessor-version":[{"id":337,"href":"https:\/\/uzjzs.org\/index.php?rest_route=\/wp\/v2\/pages\/152\/revisions\/337"}],"wp:attachment":[{"href":"https:\/\/uzjzs.org\/index.php?rest_route=%2Fwp%2Fv2%2Fmedia&parent=152"}],"curies":[{"name":"wp","href":"https:\/\/api.w.org\/{rel}","templated":true}]}}