{"id":154,"date":"2025-03-24T10:41:00","date_gmt":"2025-03-24T10:41:00","guid":{"rendered":"https:\/\/rut.belimantil.info\/?page_id=154"},"modified":"2025-10-03T13:24:38","modified_gmt":"2025-10-03T13:24:38","slug":"clanovi-udruzenja","status":"publish","type":"page","link":"https:\/\/uzjzs.org\/?page_id=154","title":{"rendered":"\u010clanovi Udru\u017eenja"},"content":{"rendered":"\n<ol class=\"wp-block-list\">\n<li><strong>Doc. dr Sanja Harhaji<\/strong>, <br>University of Novi Sad, Medical Faculty, Institute of Public Health of Vojvodina<\/li>\n\n\n\n<li><strong>Doc. dr Sne\u017eana Ukropina<\/strong>, <br>University of Novi Sad, Medical Faculty, Institute of Public Health of Vojvodina<\/li>\n\n\n\n<li><strong>Prof. Dr. Marija Jevtic-Jovanovic<\/strong>, <br>Faculty of Medicine, University of Novi Sad, Institute for Social Medicine<\/li>\n\n\n\n<li><strong>Prof. dr Vesna Mijatovi\u0107 Jovanovi\u0107<\/strong>, <br>University of Novi Sad, Medical Faculty, Institute of Public Health of Vojvodina<\/li>\n\n\n\n<li><strong>Doc. dr Du\u0161an \u010cankovi\u0107<\/strong>, <br>University of Novi Sad, Medical Faculty, Institute of Public Health of Vojvodina<\/li>\n\n\n\n<li><strong>Asist. dr Dragana Milija\u0161evi\u0107<\/strong>, <br>University of Novi Sad, Medical Faculty, Institute of Public Health of Vojvodina<\/li>\n\n\n\n<li><strong>Doc. dr Ivana Radi\u0107<\/strong>, <br>University of Novi Sad, Medical Faculty, Institute of Public Health of Vojvodina<\/li>\n\n\n\n<li><strong>Asist. dr Tanja Toma\u0161evi\u0107<\/strong>, <br>University of Novi Sad, Medical Faculty, Institute of Public Health of Vojvodina<\/li>\n\n\n\n<li><strong>Dr. Petar Djuric<\/strong>, <br>Institute of Public Health of Serbia \u201cDr. Milan Jovanovic Batut\u201d<\/li>\n\n\n\n<li><strong>Doc. dr Sonja \u010cankovi\u0107<\/strong>, <br>University of Novi Sad, Medical Faculty, Institute of Public Health of Vojvodina<\/li>\n\n\n\n<li><strong>dr sc. med. Sonja \u0160u\u0161njevi\u0107<\/strong>, <br>Institute of Public Health of Vojvodina<\/li>\n\n\n\n<li><strong>Prof. Dr Sanja Kocic<\/strong>, <br>Faculty of Medicine, University of Kragujevac, Institute of Public Health of Kragujevac<\/li>\n\n\n\n<li><strong>Dr. Nada Milovanovic<\/strong>, <br>Health Centre of City of Kragujevac<\/li>\n\n\n\n<li><strong>Prof. Dr. Bosiljka Djikanovic-Tetikovic<\/strong>, <br>Faculty of Medicine University of Belgrade, Institute for Social Medicine<\/li>\n\n\n\n<li><strong>Prof. Dr. Vesna Bjegovic-Mikanovic<\/strong>, <br>Faculty of Medicine University of Belgrade, Institute for Social Medicine<\/li>\n\n\n\n<li><strong>Prof. Dr. Aleksandra Jovic-Vranes<\/strong>, <br>Faculty of Medicine University of Belgrade, Institute for Social Medicine<\/li>\n\n\n\n<li><strong>Prof. Dr. Jovana Todorovic<\/strong>, <br>Faculty of Medicine University of Belgrade, Institute for Social Medicine<\/li>\n\n\n\n<li><strong>Prof. Dr. Bojana Matejic<\/strong>, <br>Faculty of Medicine University of Belgrade, Institute for Social Medicine<\/li>\n\n\n\n<li><strong>Dr. Vladimir Vukovic<\/strong>, <br>Institute of Public Health of Vojvodina, Novi Sad<\/li>\n\n\n\n<li><strong>Prof. Dr. Snezana Simic<\/strong>, <br>Faculty of Medicine University of Belgrade, Institute for Social Medicine<\/li>\n\n\n\n<li><strong>Prof. Dr. Milena Santric-Milicevic<\/strong>, <br>Faculty of Medicine University of Belgrade, Institute for Social Medicine<\/li>\n\n\n\n<li><strong>Prof. Dr. Janko Jankovic<\/strong>, <br>Faculty of Medicine University of Belgrade, Institute for Social Medicine<\/li>\n\n\n\n<li><strong>Ass. Prof. Dr. Stefan Mandic-Rajcevic<\/strong>, <br>Faculty of Medicine University of Belgrade, Institute for Social Medicine<\/li>\n\n\n\n<li><strong>Ass. Prof. Dr. Zeljka Stamnekovic<\/strong>, <br>Faculty of Medicine University of Belgrade, Institute for Social Medicine<\/li>\n\n\n\n<li><strong>Dr. Gordana Tamburkovski<\/strong>, <br>City Council of Belgrade, Secretariat for Health Care<\/li>\n\n\n\n<li><strong>Ms. Andjelka Kotevic<\/strong>, <br>Executive Secretary, Serbian Public Health Association<\/li>\n\n\n\n<li><strong>Dr. Milorad Stamenovic<\/strong>, <br>Ph.D. Inventis, France<\/li>\n\n\n\n<li><strong>Dr Sofija Popovic<\/strong>, <br>Institute for Health Protection of Mother and Child of Serbia, Belgrade<\/li>\n\n\n\n<li><strong>Dr. Gordana Belamaric<\/strong>, <br>Institute of Public Health of Belgrade<\/li>\n\n\n\n<li><strong>Dr. Svetlana Mladenovic-Jankovic<\/strong>, <br>Institute of Public Health of Belgrade<\/li>\n\n\n\n<li><strong>Prof. Dr. Dusica Matijevic<\/strong>, <br>Institute of Public Health of Belgrade<\/li>\n\n\n\n<li><strong>Dr. Katarina Vojvodic<\/strong>, <br>Institute of Public Health of Belgrade<\/li>\n\n\n\n<li><strong>Dr. Andjelka Grujicic<\/strong>, <br>Institute of Public Health of Belgrade<\/li>\n\n\n\n<li><strong>Dr. Dragana Atanasijevic<\/strong>, <br>Institute of Public Health of Serbia \u201cDr. Milan Jovanovic Batut\u201d<\/li>\n\n\n\n<li><strong>Dr. Dragana Jovic<\/strong>, <br>Institute of Public Health of Serbia \u201cDr. Milan Jovanovic Batut\u201d<\/li>\n\n\n\n<li><strong>Dr. Mirjana Sulovic<\/strong>, <br>Institute of Public Health of Serbia \u201cDr. Milan Jovanovic Batut\u201d<\/li>\n\n\n\n<li><strong>Dr. Olivera Ninkovic<\/strong>, <br>Institute of Public Health of Serbia \u201cDr. Milan Jovanovic Batut\u201d<\/li>\n\n\n\n<li><strong>Dr. Branislava Matic Savicevic<\/strong>, <br>Institute of Public Health of Serbia \u201cDr. Milan Jovanovic Batut\u201d<\/li>\n\n\n\n<li><strong>Dr. Natasa Knezevic<\/strong>, <br>Institute of Public Health of Serbia \u201cDr. Milan Jovanovic Batut\u201d<\/li>\n\n\n\n<li><strong>Dr. Milena Jakovljevic<\/strong>, <br>Institute of Public Health of Serbia \u201cDr. Milan Jovanovic Batut\u201d<\/li>\n\n\n\n<li><strong>Dr. Aleksandar Stevanovi\u0107<\/strong>, <br>Faculty of Medicine University of Belgrade, Institute for Social Medicine<\/li>\n\n\n\n<li><strong>Ms. Miroslava Krstic<\/strong>, <br>PhD, Health Insurance Fund of Serbia<\/li>\n\n\n\n<li><strong>Prim Dr. Sanja Stankovic<\/strong>, <br>Center for medical biochemistry UKCS, Belgrade<\/li>\n\n\n\n<li><strong>Prof. dr Svetlana Kvrgi\u0107<\/strong>, <br>University of Novi Sad, Medical Faculty, Institute of Public Health of Vojvodina<\/li>\n\n\n\n<li><strong>Asist. dr Tatjana Tama\u0161<\/strong>, <br>University of Novi Sad, Medical Faculty, Institute for Oncology of Vojvodina<\/li>\n\n\n\n<li><strong>Dr. Nata\u0161a Rosi\u0107<\/strong>, <br>Institute of Public Health of Belgrade<\/li>\n\n\n\n<li><strong>Dr. Biljana Kilibarda<\/strong>, <br>PhD, Institute of Public Health of Serbia \u201cDr. Milan Jovanovic Batut\u201d<\/li>\n\n\n\n<li><strong>Mr. Miodrag Kosti\u0107<\/strong>, <br>Statistician, Institute of Public Health, Zaje\u010dar<\/li>\n\n\n\n<li><strong>Dr. Nata\u0161a Pej\u010di\u0107<\/strong>, <br>PhD, Research Associate, Faculty&nbsp;of&nbsp;Dental&nbsp;Medicine, University of&nbsp;Belgrade<\/li>\n\n\n\n<li><strong>Dr. Mom\u010dilo Mirkovi\u0107<\/strong>, <br>PhD, Faculty of Medical Sciences Pristina, temporary settled in Kosovska Mitrovica<\/li>\n\n\n\n<li><strong>Prof. Dr Verica Jovanovic<\/strong>, <br>Director, Institute of Public Health of Serbia \u201cDr. Milan Jovanovic Batut\u201d<\/li>\n\n\n\n<li><strong>Ms. Nevena Milosevic<\/strong>, <br>BSc. MA in Biology, Institute of Public Health of Serbia \u201cDr. Milan Jovanovic Batut\u201d<\/li>\n\n\n\n<li><strong>Dr Tamara Tomasevic<\/strong>, <br>Epidemiologist, Institute of Public Health of Serbia \u201cDr. Milan Jovanovic Batut\u201d<\/li>\n\n\n\n<li><strong>Ms. Smiljana Cvjetkovic<\/strong>, <br>PhD, Institute of Social Medicine, Medical faculty, University of Belgrade<\/li>\n\n\n\n<li><strong>Dr. Dragana Jovanovi\u0107<\/strong>, <br>PhD, Institute of Public Health of Serbia \u201cDr Milan Jovanovi\u0107 Batut\u201d<\/li>\n\n\n\n<li><strong>Dr Tomislav Vla\u0161ki<\/strong>, <br>PhD Student, University of Heidelberg<\/li>\n\n\n\n<li><strong>Ass. Prof. Dr Tatjana Tama\u0161<\/strong>, <br>Institute for Oncology, University of Novi Sad<\/li>\n\n\n\n<li><strong>Mrs. Biljana Su\u0161i\u0107<\/strong>, <br>Nurse, Heath Centre Belgrade<\/li>\n\n\n\n<li><strong>Prof. Dr Zorica Terzi\u0107-\u0160upi\u0107<\/strong>, <br>Institute of Social Medicine, Medical Faculty Belgrade<\/li>\n\n\n\n<li><strong>Dr. Vladimir Vukovic<\/strong>, <br>PhD, Institute of Public Health of Vojvodina<\/li>\n\n\n\n<li><strong>Dr. Vesna Karad\u017ei\u0107<\/strong>, <br>Institute of Public Health, Belgrade<\/li>\n\n\n\n<li><strong>Dr. Danijela Ristivojevi\u0107-Korni\u0107<\/strong>, <br>Institute of Public Health, Pan\u010devo<\/li>\n\n\n\n<li><strong>Dr. Dragana Milija\u0161evi\u0107<\/strong>, <br>Institute of Public Health of Vojvodina<\/li>\n\n\n\n<li><strong>Dr. Dragana Zari\u0107<\/strong>, <br>Mr sci. med., Health Centre &#8222;Novi Sad&#8220;<\/li>\n\n\n\n<li><strong>Prof. Dr Du\u0161anka Krajnovi\u0107<\/strong>, <br>Faculty of Pharmacy, University of Belgrade<\/li>\n\n\n\n<li><strong>Dr Ivana Bo\u017eovi\u0107-Simi\u0107<\/strong>, <br>MPH, Radio Television of Serbia<\/li>\n\n\n\n<li><strong>Dr Jelena Gudelj-Raki\u0107<\/strong>, <br>PhD, Institute of Public Health of Serbia \u201cDr Milan Jovanovi\u0107 Batut\u201d<\/li>\n\n\n\n<li><strong>Ass Prof Dr Jovana Milo\u0161evi\u0107<\/strong>, <br>Faculty of Medicine, Kosovska Mitrovica<\/li>\n\n\n\n<li><strong>Dr. Marija Paji\u0107<\/strong>, <br>Institute of Public Health, Belgrade<\/li>\n\n\n\n<li><strong>Prof. Dr Milena Vasi\u0107<\/strong>, <br>Institute of Public Health of Serbia \u201cDr Milan Jovanovi\u0107 Batut\u201d<\/li>\n\n\n\n<li><strong>Dr. Mira Vu\u010devi\u0107<\/strong>, <br>Institute of Public Health, Belgrade<\/li>\n\n\n\n<li><strong>Dr. Mom\u010dilo Vujeti\u0107<\/strong>, <br>PhD, Institute of Public Health, Belgrade<\/li>\n\n\n\n<li><strong>Dr. Nada Milovanovi\u0107<\/strong>, <br>Health Centre, Kragujevac<\/li>\n\n\n\n<li><strong>Ass Prof Dr Sladjana Djuri\u0107<\/strong>, <br>Faculty of Medicine, Kosovska Mitrovica<\/li>\n\n\n\n<li><strong>Prof Dr Sne\u017eana Radovanovi\u0107<\/strong>, <br>Faculty of Medicine, Kragujevac<\/li>\n\n\n\n<li><strong>Doc Dr Svetlana Radevi\u0107<\/strong>, <br>Faculty of Medicine, Kragujevac<\/li>\n\n\n\n<li><strong>Dr. Svetlana Miltenovi\u0107<\/strong>, <br>Institute of Public Health, Belgrade<\/li>\n\n\n\n<li><strong>Prof Dr. Aleksandar Visnjic<\/strong>, <br>Medical Faculty, University of Nis, Institute for Social Medicine<\/li>\n\n\n\n<li><strong>Prim Dr. Vanja Ilic<\/strong>, <br>Centre for Health Promotion, Institute of Public Health, Leskovac<\/li>\n\n\n\n<li><strong>Dr. Predrag Zivotic<\/strong>, <br>MPH, Public Health Consultant, Belgrade<\/li>\n\n\n\n<li><strong>Dr. Dejan Ivanovic<\/strong>, <br>Institute of Public Health of Serbia, Belgrade<\/li>\n\n\n\n<li><strong>Dr. Branko Vujkovic<\/strong>, <br>MBA, MPH, Institute of Public Health of Sabac<\/li>\n\n\n\n<li><strong>Dr. Ivana Sotirovic<\/strong>, <br>PhD, Medical Faculty, University of Belgrade<\/li>\n\n\n\n<li><strong>Dr. Tamara Jovanovic<\/strong>, <br>PhD, Medical Faculty, University of Nis, Institute for Social Medicine<\/li>\n\n\n\n<li><strong>Dr. Marija Zdujic<\/strong>, <br>Institute for Social Medicine, Medical faculty, Belgrade<\/li>\n\n\n\n<li><strong>Prof. Dr. Roberta Markovic<\/strong>, <br>Medical faculty\/Institute of Public Health, Nis<\/li>\n\n\n\n<li><strong>Prim.Dr. Gordana Gajovic<\/strong>, <br>Director, Health Centre, Arandjelovac<\/li>\n\n\n\n<li><strong>Prof. Dr. Nevenka Pavlovic<\/strong>, <br>Director, Institute of Public Health of City of Belgrade<\/li>\n\n\n\n<li><strong>Dr. Nina Rajovic<\/strong>, <br>Institute for statistics and medical informatics, Faculty of Medicine, University of Belgrade<\/li>\n\n\n\n<li><strong>Dr. Ana Stefanovic<\/strong>, <br>Institute of Public Health Ni\u0161<\/li>\n\n\n\n<li><strong>Dr. Katarina Stojanovic<\/strong>, <br>Specialist engineer of organizational sciences for healthcare management, Belgrade<\/li>\n\n\n\n<li><strong>Dr. Sanja Matovic-Miljanovic<\/strong>, <br>PhD, EURO Health Group, Belgrade, Serbia<\/li>\n\n\n\n<li><strong>Dr. Vida Jeremic Stojkovic<\/strong>, <br>PhD, Medical faculty, Cathedra for Humanities, Belgrade, Serbia<\/li>\n\n\n\n<li><strong>Ms. Ana Ljubi\u010di\u0107<\/strong>, <br>MSc Psychologist, Institute of Public Health of Vojvodina, Novi Sad, Serbia<\/li>\n\n\n\n<li><strong>Dr. Jovana Vidojevic<\/strong>, <br>Institute of Social Medicine, Faculty of Medicine, University of Belgrade, Serbia<\/li>\n\n\n\n<li><strong>Dr. Dragoslav Popovic<\/strong>, <br>Public Health Consultant<\/li>\n<\/ol>\n\n\n\n<hr class=\"wp-block-separator has-alpha-channel-opacity\"\/>\n","protected":false},"excerpt":{"rendered":"","protected":false},"author":1,"featured_media":0,"parent":0,"menu_order":0,"comment_status":"closed","ping_status":"closed","template":"","meta":{"_themeisle_gutenberg_block_has_review":false,"footnotes":""},"class_list":["post-154","page","type-page","status-publish","hentry"],"_links":{"self":[{"href":"https:\/\/uzjzs.org\/index.php?rest_route=\/wp\/v2\/pages\/154","targetHints":{"allow":["GET"]}}],"collection":[{"href":"https:\/\/uzjzs.org\/index.php?rest_route=\/wp\/v2\/pages"}],"about":[{"href":"https:\/\/uzjzs.org\/index.php?rest_route=\/wp\/v2\/types\/page"}],"author":[{"embeddable":true,"href":"https:\/\/uzjzs.org\/index.php?rest_route=\/wp\/v2\/users\/1"}],"replies":[{"embeddable":true,"href":"https:\/\/uzjzs.org\/index.php?rest_route=%2Fwp%2Fv2%2Fcomments&post=154"}],"version-history":[{"count":10,"href":"https:\/\/uzjzs.org\/index.php?rest_route=\/wp\/v2\/pages\/154\/revisions"}],"predecessor-version":[{"id":457,"href":"https:\/\/uzjzs.org\/index.php?rest_route=\/wp\/v2\/pages\/154\/revisions\/457"}],"wp:attachment":[{"href":"https:\/\/uzjzs.org\/index.php?rest_route=%2Fwp%2Fv2%2Fmedia&parent=154"}],"curies":[{"name":"wp","href":"https:\/\/api.w.org\/{rel}","templated":true}]}}