{"id":204,"date":"2025-04-02T10:10:11","date_gmt":"2025-04-02T10:10:11","guid":{"rendered":"https:\/\/rut.belimantil.info\/?page_id=204"},"modified":"2025-04-03T07:59:53","modified_gmt":"2025-04-03T07:59:53","slug":"vesti","status":"publish","type":"page","link":"https:\/\/uzjzs.org\/?page_id=204","title":{"rendered":"Najnovije objave"},"content":{"rendered":"\n\n<div class=\"su-posts su-posts-default-loop \">\n\n\t\n\t\t\t\t\t\n\t\t\t\n\t\t\t<div id=\"su-post-461\" class=\"su-post \">\n\n\t\t\t\t\t\t\t\t\t<a class=\"su-post-thumbnail\" href=\"https:\/\/uzjzs.org\/?p=461\"><img loading=\"lazy\" decoding=\"async\" width=\"1693\" height=\"2560\" src=\"https:\/\/uzjzs.org\/wp-content\/uploads\/2026\/04\/image-scaled.png\" class=\"attachment-post-thumbnail size-post-thumbnail wp-post-image\" alt=\"\" srcset=\"https:\/\/uzjzs.org\/wp-content\/uploads\/2026\/04\/image-scaled.png 1693w, https:\/\/uzjzs.org\/wp-content\/uploads\/2026\/04\/image-198x300.png 198w, https:\/\/uzjzs.org\/wp-content\/uploads\/2026\/04\/image-677x1024.png 677w, https:\/\/uzjzs.org\/wp-content\/uploads\/2026\/04\/image-768x1161.png 768w, https:\/\/uzjzs.org\/wp-content\/uploads\/2026\/04\/image-1016x1536.png 1016w, https:\/\/uzjzs.org\/wp-content\/uploads\/2026\/04\/image-1354x2048.png 1354w\" sizes=\"auto, (max-width: 1693px) 100vw, 1693px\" \/><\/a>\n\t\t\t\t\n\t\t\t\t<h2 class=\"su-post-title\"><a href=\"https:\/\/uzjzs.org\/?p=461\">In memoriam: An\u0111elka Kotevi\u0107<\/a><\/h2>\n\n\t\t\t\t<div class=\"su-post-meta\">\n\t\t\t\t\tPosted: 1. \u0430\u043f\u0440\u0438\u043b 2026.\t\t\t\t<\/div>\n\n\t\t\t\t<div class=\"su-post-excerpt\">\n\t\t\t\t\t<p>Ju\u010de je u svom domu u Beogradu preminula An\u0111elka Kotevi\u0107, \u010dlanica Nadzornog odbora Udru\u017eenja za javno zdravlje Srbije. An\u0111a je bila osniva\u010d i dugogodi\u0161nji sekretar Udru\u017eenja. Tokom vi\u0161e od dve decenije rada, kako u ime Udru\u017eenja tako i ispred Gradskog zavoda za javno zdravlje, li\u010dno je pokrenula i sprovela desetine [&hellip;]<\/p>\n\t\t\t\t<\/div>\n\n\t\t\t\t\t\t\t\t\t<a href=\"https:\/\/uzjzs.org\/?p=461#respond\" class=\"su-post-comments-link\">0 comments<\/a>\n\t\t\t\t\n\t\t\t<\/div>\n\n\t\t\t\t\t\n\t\t\t\n\t\t\t<div id=\"su-post-450\" class=\"su-post \">\n\n\t\t\t\t\t\t\t\t\t<a class=\"su-post-thumbnail\" href=\"https:\/\/uzjzs.org\/?p=450\"><img loading=\"lazy\" decoding=\"async\" width=\"1200\" height=\"1600\" src=\"https:\/\/uzjzs.org\/wp-content\/uploads\/2025\/10\/PHOTO-2025-09-29-08-56-31.jpg\" class=\"attachment-post-thumbnail size-post-thumbnail wp-post-image\" alt=\"\" srcset=\"https:\/\/uzjzs.org\/wp-content\/uploads\/2025\/10\/PHOTO-2025-09-29-08-56-31.jpg 1200w, https:\/\/uzjzs.org\/wp-content\/uploads\/2025\/10\/PHOTO-2025-09-29-08-56-31-225x300.jpg 225w, https:\/\/uzjzs.org\/wp-content\/uploads\/2025\/10\/PHOTO-2025-09-29-08-56-31-768x1024.jpg 768w, https:\/\/uzjzs.org\/wp-content\/uploads\/2025\/10\/PHOTO-2025-09-29-08-56-31-1152x1536.jpg 1152w\" sizes=\"auto, (max-width: 1200px) 100vw, 1200px\" \/><\/a>\n\t\t\t\t\n\t\t\t\t<h2 class=\"su-post-title\"><a href=\"https:\/\/uzjzs.org\/?p=450\">Prof. dr Sonja \u010cankovi\u0107 i dr Bojana \u0160a\u0161i\u0107 podr\u017eale borbu protiv raka dojke na trci Race for Cure<\/a><\/h2>\n\n\t\t\t\t<div class=\"su-post-meta\">\n\t\t\t\t\tPosted: 3. \u043e\u043a\u0442\u043e\u0431\u0430\u0440 2025.\t\t\t\t<\/div>\n\n\t\t\t\t<div class=\"su-post-excerpt\">\n\t\t\t\t\t<p>U Beogradu je i ove godine odr\u017eana tradicionalna humanitarna manifestacija Race for Cure, koju organizuje Evropa Dona Srbija, sa ciljem podizanja svesti o zna\u010daju prevencije i ranog otkrivanja raka dojke, kao i pru\u017eanja podr\u0161ke \u017eenama koje se bore sa ovom bole\u0161\u0107u. Trka je okupila veliki broj u\u010desnika svih generacija \u2013 [&hellip;]<\/p>\n\t\t\t\t<\/div>\n\n\t\t\t\t\t\t\t\t\t<a href=\"https:\/\/uzjzs.org\/?p=450#respond\" class=\"su-post-comments-link\">0 comments<\/a>\n\t\t\t\t\n\t\t\t<\/div>\n\n\t\t\t\t\t\n\t\t\t\n\t\t\t<div id=\"su-post-443\" class=\"su-post \">\n\n\t\t\t\t\t\t\t\t\t<a class=\"su-post-thumbnail\" href=\"https:\/\/uzjzs.org\/?p=443\"><img loading=\"lazy\" decoding=\"async\" width=\"572\" height=\"768\" src=\"https:\/\/uzjzs.org\/wp-content\/uploads\/2025\/10\/Lancet-cover.tif.jpg\" class=\"attachment-post-thumbnail size-post-thumbnail wp-post-image\" alt=\"\" srcset=\"https:\/\/uzjzs.org\/wp-content\/uploads\/2025\/10\/Lancet-cover.tif.jpg 572w, https:\/\/uzjzs.org\/wp-content\/uploads\/2025\/10\/Lancet-cover.tif-223x300.jpg 223w\" sizes=\"auto, (max-width: 572px) 100vw, 572px\" \/><\/a>\n\t\t\t\t\n\t\t\t\t<h2 class=\"su-post-title\"><a href=\"https:\/\/uzjzs.org\/?p=443\">Objavljene publikacije srpskih nau\u010dnih radnika u vezi sa aktuelnim dru\u0161tvenim de\u0161avanjima u zemlji i uticajem na (javno) zdravlje<\/a><\/h2>\n\n\t\t\t\t<div class=\"su-post-meta\">\n\t\t\t\t\tPosted: 3. \u043e\u043a\u0442\u043e\u0431\u0430\u0440 2025.\t\t\t\t<\/div>\n\n\t\t\t\t<div class=\"su-post-excerpt\">\n\t\t\t\t\t<p>Pa\u017enju me\u0111unarodne nau\u010dne javnosti privukla je skora\u0161nja objava editorijala pod naslovom \u201cSerbia is in crisis\u201c u presti\u017enom nau\u010dnom \u010dasopisu The Lancet Regional Health \u2013 Europe u kom se ukazuje na aktuelna dru\u0161tvena de\u0161avanja u Srbiji, studentske proteste nakon tragedije u Novom Sadu u novembru 2024, borbe za pravdu, transparentnost i [&hellip;]<\/p>\n\t\t\t\t<\/div>\n\n\t\t\t\t\t\t\t\t\t<a href=\"https:\/\/uzjzs.org\/?p=443#respond\" class=\"su-post-comments-link\">0 comments<\/a>\n\t\t\t\t\n\t\t\t<\/div>\n\n\t\t\t\t\t\n\t\t\t\n\t\t\t<div id=\"su-post-404\" class=\"su-post \">\n\n\t\t\t\t\t\t\t\t\t<a class=\"su-post-thumbnail\" href=\"https:\/\/uzjzs.org\/?p=404\"><img loading=\"lazy\" decoding=\"async\" width=\"600\" height=\"450\" src=\"https:\/\/uzjzs.org\/wp-content\/uploads\/2025\/04\/stud_protest.jpg\" class=\"attachment-post-thumbnail size-post-thumbnail wp-post-image\" alt=\"\" srcset=\"https:\/\/uzjzs.org\/wp-content\/uploads\/2025\/04\/stud_protest.jpg 600w, https:\/\/uzjzs.org\/wp-content\/uploads\/2025\/04\/stud_protest-300x225.jpg 300w\" sizes=\"auto, (max-width: 600px) 100vw, 600px\" \/><\/a>\n\t\t\t\t\n\t\t\t\t<h2 class=\"su-post-title\"><a href=\"https:\/\/uzjzs.org\/?p=404\">Udru\u017eenje za javno zdravlje Srbije podr\u017ealo je studente i njihove zahteve<\/a><\/h2>\n\n\t\t\t\t<div class=\"su-post-meta\">\n\t\t\t\t\tPosted: 8. \u0444\u0435\u0431\u0440\u0443\u0430\u0440 2025.\t\t\t\t<\/div>\n\n\t\t\t\t<div class=\"su-post-excerpt\">\n\t\t\t\t\t<p>Udru\u017eenje za javno zdravlje Srbije izra\u017eava punu podr\u0161ku studentskim zahtevima i solidarnost sa studentima, u\u010denicima, nastavnicima, zdravstvenim radnicima i svim gra\u0111anima koji se zala\u017eu za po\u0161tovanje osnovnih demokratskih principa, akademskih sloboda i ispunjenje studentskih zahteva. O\u010duvanje i unapre\u0111enje zdravlja nije mogu\u0107e bez dru\u0161tvenog ambijenta koji po\u010diva na pravi\u010dnosti, jednakim mogu\u0107nostima [&hellip;]<\/p>\n\t\t\t\t<\/div>\n\n\t\t\t\t\t\t\t\t\t<a href=\"https:\/\/uzjzs.org\/?p=404#respond\" class=\"su-post-comments-link\">0 comments<\/a>\n\t\t\t\t\n\t\t\t<\/div>\n\n\t\t\t\t\t\n\t\t\t\n\t\t\t<div id=\"su-post-402\" class=\"su-post \">\n\n\t\t\t\t\t\t\t\t\t<a class=\"su-post-thumbnail\" href=\"https:\/\/uzjzs.org\/?p=402\"><img loading=\"lazy\" decoding=\"async\" width=\"1280\" height=\"853\" src=\"https:\/\/uzjzs.org\/wp-content\/uploads\/2025\/04\/pismo.jpg\" class=\"attachment-post-thumbnail size-post-thumbnail wp-post-image\" alt=\"\" srcset=\"https:\/\/uzjzs.org\/wp-content\/uploads\/2025\/04\/pismo.jpg 1280w, https:\/\/uzjzs.org\/wp-content\/uploads\/2025\/04\/pismo-300x200.jpg 300w, https:\/\/uzjzs.org\/wp-content\/uploads\/2025\/04\/pismo-1024x682.jpg 1024w, https:\/\/uzjzs.org\/wp-content\/uploads\/2025\/04\/pismo-768x512.jpg 768w, https:\/\/uzjzs.org\/wp-content\/uploads\/2025\/04\/pismo-360x240.jpg 360w\" sizes=\"auto, (max-width: 1280px) 100vw, 1280px\" \/><\/a>\n\t\t\t\t\n\t\t\t\t<h2 class=\"su-post-title\"><a href=\"https:\/\/uzjzs.org\/?p=402\">Otvoreno pismo: Nacionalni program razvoja i zdravlja mladih<\/a><\/h2>\n\n\t\t\t\t<div class=\"su-post-meta\">\n\t\t\t\t\tPosted: 17. \u043c\u0430\u0458 2024.\t\t\t\t<\/div>\n\n\t\t\t\t<div class=\"su-post-excerpt\">\n\t\t\t\t\t<p>\u041f\u043e\u0448\u0442\u043e\u0432\u0430\u043d\u0435 \u043a\u043e\u043b\u0435\u0433\u0438\u043d\u0438\u0446\u0435 \u0438 \u043a\u043e\u043b\u0435\u0433\u0435, \u0423 \u043d\u0430\u0441\u0442\u0430\u0432\u043a\u0443 \u043c\u043e\u0436\u0435\u0442\u0435 \u043f\u0440\u043e\u0447\u0438\u0442\u0430\u0442\u0438 \u043e\u0442\u0432\u043e\u0440\u0435\u043d\u043e \u043f\u0438\u0441\u043c\u043e \u0443 \u0432\u0435\u0437\u0438 \u0441\u0430 \u0438\u0437\u0440\u0430\u0434\u043e\u043c \u041d\u0430\u0446\u0438\u043e\u043d\u0430\u043b\u043d\u043e\u0433 \u043f\u0440\u043e\u0433\u0440\u0430\u043c\u0430 \u0440\u0430\u0437\u0432\u043e\u0458\u0430 \u0438 \u0437\u0434\u0440\u0430\u0432\u0459\u0430 \u043c\u043b\u0430\u0434\u0438\u0445 \u043a\u043e\u0458\u0435 \u0443\u043f\u0443\u045b\u0443\u0458\u0435\u043c\u043e \u0440\u0435\u0441\u043e\u0440\u043d\u0438\u043c \u043c\u0438\u043d\u0438\u0441\u0442\u0430\u0440\u0441\u0442\u0432\u0438\u043c\u0430. \u0421\u0432\u043e\u0458\u0443 \u043f\u043e\u0434\u0440\u0448\u043a\u0443 \u043c\u043e\u0436\u0435\u0442\u0435 \u0438\u0441\u043a\u0430\u0437\u0430\u0442\u0438 \u043f\u043e\u043f\u0443\u045a\u0430\u0432\u0430\u045a\u0435\u043c \u0443\u043f\u0438\u0442\u043d\u0438\u043a\u0430 \u043a\u043e\u0458\u0438 \u0441\u0435 \u043d\u0430\u043b\u0430\u0437\u0438 \u0443 \u043f\u0440\u0438\u043b\u043e\u0433\u0443. \u0422\u0438\u0442\u0443\u043b\u0430, \u0438\u043c\u0435 \u0438 \u043f\u0440\u0435\u0437\u0438\u043c\u0435 \u0441\u0430 \u0430\u0444\u0438\u043b\u0438\u0458\u0430\u0446\u0438\u0458\u043e\u043c \u0431\u0438\u045b\u0435 \u043e\u0431\u0458\u0430\u0432\u0459\u0435\u043d\u043e \u043d\u0430 \u0432\u0435\u0431\u0441\u0430\u0458\u0442\u0443 \u0423\u0434\u0440\u0443\u0436\u0435\u045a\u0430 \u0437\u0430 \u0458\u0430\u0432\u043d\u043e \u0437\u0434\u0440\u0430\u0432\u0459\u0435 \u0421\u0440\u0431\u0438\u0458\u0435, [&hellip;]<\/p>\n\t\t\t\t<\/div>\n\n\t\t\t\t\t\t\t\t\t<a href=\"https:\/\/uzjzs.org\/?p=402#respond\" class=\"su-post-comments-link\">0 comments<\/a>\n\t\t\t\t\n\t\t\t<\/div>\n\n\t\t\t\t\t\n\t\t\t\n\t\t\t<div id=\"su-post-397\" class=\"su-post \">\n\n\t\t\t\t\t\t\t\t\t<a class=\"su-post-thumbnail\" href=\"https:\/\/uzjzs.org\/?p=397\"><img loading=\"lazy\" decoding=\"async\" width=\"905\" height=\"582\" src=\"https:\/\/uzjzs.org\/wp-content\/uploads\/2025\/04\/viktorijacucic.png\" class=\"attachment-post-thumbnail size-post-thumbnail wp-post-image\" alt=\"\" srcset=\"https:\/\/uzjzs.org\/wp-content\/uploads\/2025\/04\/viktorijacucic.png 905w, https:\/\/uzjzs.org\/wp-content\/uploads\/2025\/04\/viktorijacucic-300x193.png 300w, https:\/\/uzjzs.org\/wp-content\/uploads\/2025\/04\/viktorijacucic-768x494.png 768w\" sizes=\"auto, (max-width: 905px) 100vw, 905px\" \/><\/a>\n\t\t\t\t\n\t\t\t\t<h2 class=\"su-post-title\"><a href=\"https:\/\/uzjzs.org\/?p=397\">IN MEMORIAM \u2013 PROF. DR VIKTORIJA CUCI\u0106<\/a><\/h2>\n\n\t\t\t\t<div class=\"su-post-meta\">\n\t\t\t\t\tPosted: 16. \u0458\u0430\u043d\u0443\u0430\u0440 2024.\t\t\t\t<\/div>\n\n\t\t\t\t<div class=\"su-post-excerpt\">\n\t\t\t\t\t<p>PROF. DR VIKTORIJA CUCI\u0106 (1938-2023) Po\u0161tovane koleginice i kolege, Sa velikom tugom vas obave\u0161tavamo da je preminula na\u0161a draga prof. dr Viktorija Cuci\u0107. Prof. dr Viktorija Cuci\u0107 bila je redovni profesor Medicinskog fakulteta Univerziteta u Beogradu. Bila je \u0161ef Katedre za poslediplomsku nastavu, vi\u0161egodi\u0161nji \u0161ef Katedre za redovnu nastavu, kao [&hellip;]<\/p>\n\t\t\t\t<\/div>\n\n\t\t\t\t\t\t\t\t\t<a href=\"https:\/\/uzjzs.org\/?p=397#respond\" class=\"su-post-comments-link\">0 comments<\/a>\n\t\t\t\t\n\t\t\t<\/div>\n\n\t\t\t\t\t\n\t\t\t\n\t\t\t<div id=\"su-post-395\" class=\"su-post \">\n\n\t\t\t\t\t\t\t\t\t<a class=\"su-post-thumbnail\" href=\"https:\/\/uzjzs.org\/?p=395\"><img loading=\"lazy\" decoding=\"async\" width=\"1280\" height=\"853\" src=\"https:\/\/uzjzs.org\/wp-content\/uploads\/2025\/04\/vaccination-01.jpg\" class=\"attachment-post-thumbnail size-post-thumbnail wp-post-image\" alt=\"\" srcset=\"https:\/\/uzjzs.org\/wp-content\/uploads\/2025\/04\/vaccination-01.jpg 1280w, https:\/\/uzjzs.org\/wp-content\/uploads\/2025\/04\/vaccination-01-300x200.jpg 300w, https:\/\/uzjzs.org\/wp-content\/uploads\/2025\/04\/vaccination-01-1024x682.jpg 1024w, https:\/\/uzjzs.org\/wp-content\/uploads\/2025\/04\/vaccination-01-768x512.jpg 768w, https:\/\/uzjzs.org\/wp-content\/uploads\/2025\/04\/vaccination-01-360x240.jpg 360w\" sizes=\"auto, (max-width: 1280px) 100vw, 1280px\" \/><\/a>\n\t\t\t\t\n\t\t\t\t<h2 class=\"su-post-title\"><a href=\"https:\/\/uzjzs.org\/?p=395\">\u0160TA TREBAMO DA ZNAMO O MMR VAKCINI<\/a><\/h2>\n\n\t\t\t\t<div class=\"su-post-meta\">\n\t\t\t\t\tPosted: 14. \u0458\u0443\u043b 2023.\t\t\t\t<\/div>\n\n\t\t\t\t<div class=\"su-post-excerpt\">\n\t\t\t\t\t<p>Roditelji \u010desto ne znaju naziv vakcine niti od kojih bolesti ona \u0161titi, ali se orijenti\u0161u prema dobi kada se prima neka vakcina\/cjepivo. Zato \u010desto \u010dujemo \u201evakcina koja se daje pri ro\u0111enju\u201d, \u201eona \u0161to se daje s godinu dana\u201d, \u201evakcina s godinu dana\u201d. Ovo je sasvim razumljivo \u2013 jednostavno nije na [&hellip;]<\/p>\n\t\t\t\t<\/div>\n\n\t\t\t\t\t\t\t\t\t<a href=\"https:\/\/uzjzs.org\/?p=395#respond\" class=\"su-post-comments-link\">0 comments<\/a>\n\t\t\t\t\n\t\t\t<\/div>\n\n\t\t\t\t\t\n\t\t\t\n\t\t\t<div id=\"su-post-391\" class=\"su-post \">\n\n\t\t\t\t\t\t\t\t\t<a class=\"su-post-thumbnail\" href=\"https:\/\/uzjzs.org\/?p=391\"><img loading=\"lazy\" decoding=\"async\" width=\"1280\" height=\"853\" src=\"https:\/\/uzjzs.org\/wp-content\/uploads\/2023\/05\/red-yellow-rose-4414853_1280.jpg\" class=\"attachment-post-thumbnail size-post-thumbnail wp-post-image\" alt=\"\" srcset=\"https:\/\/uzjzs.org\/wp-content\/uploads\/2023\/05\/red-yellow-rose-4414853_1280.jpg 1280w, https:\/\/uzjzs.org\/wp-content\/uploads\/2023\/05\/red-yellow-rose-4414853_1280-300x200.jpg 300w, https:\/\/uzjzs.org\/wp-content\/uploads\/2023\/05\/red-yellow-rose-4414853_1280-1024x682.jpg 1024w, https:\/\/uzjzs.org\/wp-content\/uploads\/2023\/05\/red-yellow-rose-4414853_1280-768x512.jpg 768w, https:\/\/uzjzs.org\/wp-content\/uploads\/2023\/05\/red-yellow-rose-4414853_1280-360x240.jpg 360w\" sizes=\"auto, (max-width: 1280px) 100vw, 1280px\" \/><\/a>\n\t\t\t\t\n\t\t\t\t<h2 class=\"su-post-title\"><a href=\"https:\/\/uzjzs.org\/?p=391\">Saop\u0161tenje \u2013 Udru\u017eenje za javno zdravlje Srbije<\/a><\/h2>\n\n\t\t\t\t<div class=\"su-post-meta\">\n\t\t\t\t\tPosted: 4. \u043c\u0430\u0458 2023.\t\t\t\t<\/div>\n\n\t\t\t\t<div class=\"su-post-excerpt\">\n\t\t\t\t\t<p>Posle ju\u010dera\u0161njeg stra\u0161nog doga\u0111aja tuga je ogromna, a na\u0161a zemlja i na\u0161a svakodnevnica vi\u0161e ne\u0107e biti ista. Nema utehe za nenadoknadive gubitke koje su pogodile porodice. Ovo je u\u017easan doga\u0111aj koji se desio u jednoj od tvr\u0111ava obrazovanja i koji nas opominje o neophodnosti preispitivanja na\u0161ih javno-zdravstvenih prioriteta, kada se [&hellip;]<\/p>\n\t\t\t\t<\/div>\n\n\t\t\t\t\t\t\t\t\t<a href=\"https:\/\/uzjzs.org\/?p=391#respond\" class=\"su-post-comments-link\">0 comments<\/a>\n\t\t\t\t\n\t\t\t<\/div>\n\n\t\t\t\t\t\n\t\t\t\n\t\t\t<div id=\"su-post-388\" class=\"su-post \">\n\n\t\t\t\t\t\t\t\t\t<a class=\"su-post-thumbnail\" href=\"https:\/\/uzjzs.org\/?p=388\"><img loading=\"lazy\" decoding=\"async\" width=\"720\" height=\"1024\" src=\"https:\/\/uzjzs.org\/wp-content\/uploads\/2025\/04\/Evropska-nedelja-javnog-zdravlja-720x1024-1.jpg\" class=\"attachment-post-thumbnail size-post-thumbnail wp-post-image\" alt=\"\" srcset=\"https:\/\/uzjzs.org\/wp-content\/uploads\/2025\/04\/Evropska-nedelja-javnog-zdravlja-720x1024-1.jpg 720w, https:\/\/uzjzs.org\/wp-content\/uploads\/2025\/04\/Evropska-nedelja-javnog-zdravlja-720x1024-1-211x300.jpg 211w\" sizes=\"auto, (max-width: 720px) 100vw, 720px\" \/><\/a>\n\t\t\t\t\n\t\t\t\t<h2 class=\"su-post-title\"><a href=\"https:\/\/uzjzs.org\/?p=388\">Evropska nedelja javnog zdravlja pod sloganom \u201eGlobalna pitanja, lokalne akcije\u201c<\/a><\/h2>\n\n\t\t\t\t<div class=\"su-post-meta\">\n\t\t\t\t\tPosted: 22. \u0430\u043f\u0440\u0438\u043b 2023.\t\t\t\t<\/div>\n\n\t\t\t\t<div class=\"su-post-excerpt\">\n\t\t\t\t\t<p>Evropska nedelja javnog zdravlja pod sloganom \u201eGlobalna pitanja, lokalne akcije\u201c u periodu od 22-26.5.2023. sa slede\u0107im temama: Sve informacije su dostupne na:\u00a0https:\/\/eupha.org\/EUPHW<\/p>\n\t\t\t\t<\/div>\n\n\t\t\t\t\t\t\t\t\t<a href=\"https:\/\/uzjzs.org\/?p=388#respond\" class=\"su-post-comments-link\">0 comments<\/a>\n\t\t\t\t\n\t\t\t<\/div>\n\n\t\t\t\t\t\n\t\t\t\n\t\t\t<div id=\"su-post-385\" class=\"su-post \">\n\n\t\t\t\t\t\t\t\t\t<a class=\"su-post-thumbnail\" href=\"https:\/\/uzjzs.org\/?p=385\"><img loading=\"lazy\" decoding=\"async\" width=\"1280\" height=\"853\" src=\"https:\/\/uzjzs.org\/wp-content\/uploads\/2025\/04\/pismo.jpg\" class=\"attachment-post-thumbnail size-post-thumbnail wp-post-image\" alt=\"\" srcset=\"https:\/\/uzjzs.org\/wp-content\/uploads\/2025\/04\/pismo.jpg 1280w, https:\/\/uzjzs.org\/wp-content\/uploads\/2025\/04\/pismo-300x200.jpg 300w, https:\/\/uzjzs.org\/wp-content\/uploads\/2025\/04\/pismo-1024x682.jpg 1024w, https:\/\/uzjzs.org\/wp-content\/uploads\/2025\/04\/pismo-768x512.jpg 768w, https:\/\/uzjzs.org\/wp-content\/uploads\/2025\/04\/pismo-360x240.jpg 360w\" sizes=\"auto, (max-width: 1280px) 100vw, 1280px\" \/><\/a>\n\t\t\t\t\n\t\t\t\t<h2 class=\"su-post-title\"><a href=\"https:\/\/uzjzs.org\/?p=385\">OTVORENO PISMO MINISTARKI ZDRAVLjA<\/a><\/h2>\n\n\t\t\t\t<div class=\"su-post-meta\">\n\t\t\t\t\tPosted: 11. \u0430\u043f\u0440\u0438\u043b 2023.\t\t\t\t<\/div>\n\n\t\t\t\t<div class=\"su-post-excerpt\">\n\t\t\t\t\t<p>Po\u0161tovana prof. dr Gruji\u010di\u0107, Prepoznaju\u0107i Va\u0161 entuzijazam za re\u0161avanje slo\u017eenih pitanja koja se ti\u010du reforme sistema zdravstvene za\u0161tite Republike Srbije, \u017eelimo da razjasnimo eventualne nejasno\u0107e koje su nastale u vezi sa Va\u0161om izjavom u emisiji \u201eJasno kao dan\u201c 7. aprila 2023. godine. U pomenutoj emisiji naveli ste \u201eda moramo da [&hellip;]<\/p>\n\t\t\t\t<\/div>\n\n\t\t\t\t\t\t\t\t\t<a href=\"https:\/\/uzjzs.org\/?p=385#respond\" class=\"su-post-comments-link\">0 comments<\/a>\n\t\t\t\t\n\t\t\t<\/div>\n\n\t\t\n\t\n<\/div>\n\n","protected":false},"excerpt":{"rendered":"","protected":false},"author":1,"featured_media":0,"parent":0,"menu_order":0,"comment_status":"closed","ping_status":"closed","template":"","meta":{"_themeisle_gutenberg_block_has_review":false,"footnotes":""},"class_list":["post-204","page","type-page","status-publish","hentry"],"_links":{"self":[{"href":"https:\/\/uzjzs.org\/index.php?rest_route=\/wp\/v2\/pages\/204","targetHints":{"allow":["GET"]}}],"collection":[{"href":"https:\/\/uzjzs.org\/index.php?rest_route=\/wp\/v2\/pages"}],"about":[{"href":"https:\/\/uzjzs.org\/index.php?rest_route=\/wp\/v2\/types\/page"}],"author":[{"embeddable":true,"href":"https:\/\/uzjzs.org\/index.php?rest_route=\/wp\/v2\/users\/1"}],"replies":[{"embeddable":true,"href":"https:\/\/uzjzs.org\/index.php?rest_route=%2Fwp%2Fv2%2Fcomments&post=204"}],"version-history":[{"count":5,"href":"https:\/\/uzjzs.org\/index.php?rest_route=\/wp\/v2\/pages\/204\/revisions"}],"predecessor-version":[{"id":215,"href":"https:\/\/uzjzs.org\/index.php?rest_route=\/wp\/v2\/pages\/204\/revisions\/215"}],"wp:attachment":[{"href":"https:\/\/uzjzs.org\/index.php?rest_route=%2Fwp%2Fv2%2Fmedia&parent=204"}],"curies":[{"name":"wp","href":"https:\/\/api.w.org\/{rel}","templated":true}]}}