{"id":430,"date":"2025-04-23T08:39:48","date_gmt":"2025-04-23T08:39:48","guid":{"rendered":"https:\/\/rut.belimantil.info\/?page_id=430"},"modified":"2025-04-23T08:39:48","modified_gmt":"2025-04-23T08:39:48","slug":"njuzleter","status":"publish","type":"page","link":"https:\/\/uzjzs.org\/?page_id=430","title":{"rendered":"Njuzleter"},"content":{"rendered":"\n<p><em>Budite obave\u0161teni o najnovijim dostignu\u0107ima i tokovima u javnom zdravlju!<br>Primajte obave\u0161tenja na svoj imejl.<\/em><\/p>\n\n\n\n<p><strong>PRIJAVITE SE ZA NA\u0160 PERIODI\u010cNI NJUZLETER!<\/strong><\/p>\n\n\n\n<div class=\"wpcf7 no-js\" id=\"wpcf7-f429-o1\" lang=\"sr-RS\" dir=\"ltr\" data-wpcf7-id=\"429\">\n<div class=\"screen-reader-response\"><p role=\"status\" aria-live=\"polite\" aria-atomic=\"true\"><\/p> <ul><\/ul><\/div>\n<form action=\"\/index.php?rest_route=%2Fwp%2Fv2%2Fpages%2F430#wpcf7-f429-o1\" method=\"post\" class=\"wpcf7-form init\" aria-label=\"Contact form\" novalidate=\"novalidate\" data-status=\"init\">\n<div style=\"display: none;\">\n<input type=\"hidden\" name=\"_wpcf7\" value=\"429\" \/>\n<input type=\"hidden\" name=\"_wpcf7_version\" value=\"6.0.6\" \/>\n<input type=\"hidden\" name=\"_wpcf7_locale\" value=\"sr_RS\" \/>\n<input type=\"hidden\" name=\"_wpcf7_unit_tag\" value=\"wpcf7-f429-o1\" \/>\n<input type=\"hidden\" name=\"_wpcf7_container_post\" value=\"0\" \/>\n<input type=\"hidden\" name=\"_wpcf7_posted_data_hash\" value=\"\" \/>\n<input type=\"hidden\" name=\"_wpcf7_recaptcha_response\" value=\"\" \/>\n<\/div>\n<p><label> Va\u0161e ime<br \/>\n<span class=\"wpcf7-form-control-wrap\" data-name=\"ime\"><input size=\"40\" maxlength=\"400\" class=\"wpcf7-form-control wpcf7-text wpcf7-validates-as-required\" autocomplete=\"ime\" aria-required=\"true\" aria-invalid=\"false\" value=\"\" type=\"text\" name=\"ime\" \/><\/span> <\/label>\n<\/p>\n<p><label> Va\u0161e prezime<br \/>\n<span class=\"wpcf7-form-control-wrap\" data-name=\"prezime\"><input size=\"40\" maxlength=\"400\" class=\"wpcf7-form-control wpcf7-text wpcf7-validates-as-required\" autocomplete=\"prezime\" aria-required=\"true\" aria-invalid=\"false\" value=\"\" type=\"text\" name=\"prezime\" \/><\/span> <\/label>\n<\/p>\n<p><label> Pun naziv institucije u kojoj radite<br \/>\n<span class=\"wpcf7-form-control-wrap\" data-name=\"institucija\"><input size=\"40\" maxlength=\"400\" class=\"wpcf7-form-control wpcf7-text wpcf7-validates-as-required\" autocomplete=\"institucija\" aria-required=\"true\" aria-invalid=\"false\" value=\"\" type=\"text\" name=\"institucija\" \/><\/span> <\/label>\n<\/p>\n<p><label> Grad institucije u kojoj radite<br \/>\n<span class=\"wpcf7-form-control-wrap\" data-name=\"grad_institucije\"><input size=\"40\" maxlength=\"400\" class=\"wpcf7-form-control wpcf7-text wpcf7-validates-as-required\" autocomplete=\"grad\" aria-required=\"true\" aria-invalid=\"false\" value=\"\" type=\"text\" name=\"grad_institucije\" \/><\/span> <\/label>\n<\/p>\n<p><label> Va\u0161a imejl adresa na koju \u017eelite da primate njuzletere Udru\u017eenja<br \/>\n<span class=\"wpcf7-form-control-wrap\" data-name=\"imejl_a\"><input size=\"40\" maxlength=\"400\" class=\"wpcf7-form-control wpcf7-email wpcf7-text wpcf7-validates-as-email\" aria-invalid=\"false\" value=\"\" type=\"email\" name=\"imejl_a\" \/><\/span> <\/label>\n<\/p>\n<p><span class=\"wpcf7-form-control-wrap\" data-name=\"prihvatanje\"><span class=\"wpcf7-form-control wpcf7-acceptance\"><span class=\"wpcf7-list-item\"><label><input type=\"checkbox\" name=\"prihvatanje\" value=\"1\" aria-invalid=\"false\" \/><span class=\"wpcf7-list-item-label\">Svojevoljno ostavljam svoju imejl adresu Udru\u017eenju za potrebe primanja njuzletera.<\/span><\/label><\/span><\/span><\/span>\n<\/p>\n<p><label> Prijavite se za njuzleter<br \/>\n<input class=\"wpcf7-form-control wpcf7-submit has-spinner\" type=\"submit\" value=\"Po\u0161alji\" \/> <\/label>\n<\/p><div class=\"wpcf7-response-output\" aria-hidden=\"true\"><\/div>\n<\/form>\n<\/div>\n\n\n\n\n<hr class=\"wp-block-separator has-alpha-channel-opacity\"\/>\n\n\n\n<figure class=\"wp-block-image size-large has-custom-border\"><img loading=\"lazy\" decoding=\"async\" width=\"1024\" height=\"526\" src=\"https:\/\/uzjzs.org\/wp-content\/uploads\/2025\/04\/email-6370595_1280-1024x526.jpg\" alt=\"\" class=\"wp-image-431\" style=\"border-radius:15px\" srcset=\"https:\/\/uzjzs.org\/wp-content\/uploads\/2025\/04\/email-6370595_1280-1024x526.jpg 1024w, https:\/\/uzjzs.org\/wp-content\/uploads\/2025\/04\/email-6370595_1280-300x154.jpg 300w, https:\/\/uzjzs.org\/wp-content\/uploads\/2025\/04\/email-6370595_1280-768x395.jpg 768w, https:\/\/uzjzs.org\/wp-content\/uploads\/2025\/04\/email-6370595_1280.jpg 1280w\" sizes=\"auto, (max-width: 1024px) 100vw, 1024px\" \/><\/figure>\n\n\n\n<hr class=\"wp-block-separator has-alpha-channel-opacity\"\/>\n\n\n\n<p><\/p>\n","protected":false},"excerpt":{"rendered":"<p>Budite obave\u0161teni o najnovijim dostignu\u0107ima i tokovima u javnom zdravlju!Primajte obave\u0161tenja na svoj imejl. PRIJAVITE SE ZA NA\u0160 PERIODI\u010cNI NJUZLETER!<\/p>\n","protected":false},"author":1,"featured_media":0,"parent":0,"menu_order":0,"comment_status":"closed","ping_status":"closed","template":"","meta":{"_themeisle_gutenberg_block_has_review":false,"footnotes":""},"class_list":["post-430","page","type-page","status-publish","hentry"],"_links":{"self":[{"href":"https:\/\/uzjzs.org\/index.php?rest_route=\/wp\/v2\/pages\/430","targetHints":{"allow":["GET"]}}],"collection":[{"href":"https:\/\/uzjzs.org\/index.php?rest_route=\/wp\/v2\/pages"}],"about":[{"href":"https:\/\/uzjzs.org\/index.php?rest_route=\/wp\/v2\/types\/page"}],"author":[{"embeddable":true,"href":"https:\/\/uzjzs.org\/index.php?rest_route=\/wp\/v2\/users\/1"}],"replies":[{"embeddable":true,"href":"https:\/\/uzjzs.org\/index.php?rest_route=%2Fwp%2Fv2%2Fcomments&post=430"}],"version-history":[{"count":1,"href":"https:\/\/uzjzs.org\/index.php?rest_route=\/wp\/v2\/pages\/430\/revisions"}],"predecessor-version":[{"id":432,"href":"https:\/\/uzjzs.org\/index.php?rest_route=\/wp\/v2\/pages\/430\/revisions\/432"}],"wp:attachment":[{"href":"https:\/\/uzjzs.org\/index.php?rest_route=%2Fwp%2Fv2%2Fmedia&parent=430"}],"curies":[{"name":"wp","href":"https:\/\/api.w.org\/{rel}","templated":true}]}}